{"id":103,"date":"2018-09-25T11:39:09","date_gmt":"2018-09-25T09:39:09","guid":{"rendered":"http:\/\/lereverbere.net\/?page_id=103"},"modified":"2025-03-30T21:38:12","modified_gmt":"2025-03-30T19:38:12","slug":"encadrements","status":"publish","type":"page","link":"https:\/\/lereverbere.net\/index.php\/encadrements\/","title":{"rendered":"Encadrements"},"content":{"rendered":"<p>[et_pb_section fb_built=\u00a0\u00bb1&Prime; admin_label=\u00a0\u00bbFeature Section\u00a0\u00bb _builder_version=\u00a0\u00bb4.16&Prime; custom_padding=\u00a0\u00bb120px||98px||false|false\u00a0\u00bb global_colors_info=\u00a0\u00bb{}\u00a0\u00bb][et_pb_row column_structure=\u00a0\u00bb2_3,1_3&Prime; _builder_version=\u00a0\u00bb4.16&Prime; custom_padding=\u00a0\u00bb26.40625px|0px|0|0px|false|false\u00a0\u00bb global_colors_info=\u00a0\u00bb{}\u00a0\u00bb][et_pb_column type=\u00a0\u00bb2_3&Prime; _builder_version=\u00a0\u00bb4.16&Prime; custom_padding=\u00a0\u00bb|||\u00a0\u00bb global_colors_info=\u00a0\u00bb{}\u00a0\u00bb custom_padding__hover=\u00a0\u00bb|||\u00a0\u00bb][et_pb_text admin_label=\u00a0\u00bbTitle\u00a0\u00bb _builder_version=\u00a0\u00bb4.16&Prime; text_font=\u00a0\u00bbRaleway||||||||\u00a0\u00bb text_text_color=\u00a0\u00bb#000000&Prime; ul_font=\u00a0\u00bb||||||||\u00a0\u00bb header_font=\u00a0\u00bbRaleway||||||||\u00a0\u00bb header_text_color=\u00a0\u00bb#000000&Prime; header_font_size=\u00a0\u00bb35px\u00a0\u00bb header_line_height=\u00a0\u00bb1.2em\u00a0\u00bb header_2_font=\u00a0\u00bbQuattrocento||||||||\u00a0\u00bb header_2_font_size=\u00a0\u00bb60px\u00a0\u00bb header_2_line_height=\u00a0\u00bb1.3em\u00a0\u00bb custom_margin=\u00a0\u00bb||10px|\u00a0\u00bb animation_style=\u00a0\u00bbfade\u00a0\u00bb animation_direction=\u00a0\u00bbleft\u00a0\u00bb animation_starting_opacity=\u00a0\u00bb100%\u00a0\u00bb header_2_font_size_tablet=\u00a0\u00bb40px\u00a0\u00bb header_2_font_size_phone=\u00a0\u00bb\u00a0\u00bb header_2_font_size_last_edited=\u00a0\u00bbon|desktop\u00a0\u00bb global_colors_info=\u00a0\u00bb{}\u00a0\u00bb]<\/p>\n<h1 style=\"text-align: left;\">Encadrement en bois massif et en aluminium<\/h1>\n<p>[\/et_pb_text][et_pb_text admin_label=\u00a0\u00bbSubtitle\u00a0\u00bb _builder_version=\u00a0\u00bb4.21.0&Prime; text_font=\u00a0\u00bbRaleway||||||||\u00a0\u00bb text_text_color=\u00a0\u00bb#8e8e8d\u00a0\u00bb text_font_size=\u00a0\u00bb18px\u00a0\u00bb text_line_height=\u00a0\u00bb2.2em\u00a0\u00bb header_font=\u00a0\u00bbRaleway||||||||\u00a0\u00bb header_text_color=\u00a0\u00bb#8e8e8d\u00a0\u00bb header_2_font=\u00a0\u00bb||||||||\u00a0\u00bb text_orientation=\u00a0\u00bbcenter\u00a0\u00bb max_width=\u00a0\u00bb700px\u00a0\u00bb module_alignment=\u00a0\u00bbleft\u00a0\u00bb animation_style=\u00a0\u00bbfade\u00a0\u00bb animation_direction=\u00a0\u00bbleft\u00a0\u00bb animation_starting_opacity=\u00a0\u00bb100%\u00a0\u00bb global_colors_info=\u00a0\u00bb{}\u00a0\u00bb]<\/p>\n<p style=\"text-align: justify;\">Nous proposons deux types de mat\u00e9riaux pour nos encadrements sur mesure:<\/p>\n<p style=\"text-align: justify;\"><em style=\"font-size: 18px; text-align: left;\"><strong>Encadrement en bois massif<\/strong><\/em><\/p>\n<p style=\"text-align: justify;\">Nous travaillons principalement avec des fournisseurs de baguettes d&rsquo;encadrement pour les essences de bois comme <strong><em>le tilleul, le ch\u00eane ou la baguette \u00e0 teindre<\/em><\/strong>.<\/p>\n<p style=\"text-align: justify;\">Nous r\u00e9alisons \u00e9galement nos propres profils en utilisant principalement 4 essences de bois: le fr\u00eane, l\u2019\u00e9rable, le ch\u00eane et le noyer, \u00e0 partir de plots de bois provenant de scieries de la r\u00e9gion.<\/p>\n<p style=\"text-align: justify;\">Pour la finition, nous utilisons des <strong><em>huiles, des cires ou des lasures compos\u00e9es \u00e0 base de produits naturels<\/em><\/strong>. Ces finitions mattes ou satin\u00e9es permettent de conserver l\u2019aspect naturel de la surface du bois.<\/p>\n<p style=\"text-align: justify;\"><strong><em>Encadrement en aluminium<\/em><\/strong><br \/>Le principal avantage de l\u2019encadrement en aluminium est sa rigidit\u00e9 et sa solidit\u00e9 malgr\u00e9 une faible dimension. L\u2019aluminium permet ainsi d\u2019avoir des <strong><em>profils vari\u00e9s et minimalistes.<\/em><\/strong><\/p>\n<p style=\"text-align: justify;\">Nous proposons \u00e9galement plusieurs types d\u2019encadrements (caisse am\u00e9ricaine, cadre avec rehausse), <em><strong>diff\u00e9rentes finitions de verre<\/strong><\/em> (verre anti-reflet, verre anti-UV ) avec ou sans <strong><em>passe partout<\/em><\/strong> (rectangulaire, carr\u00e9, rond ou ovale).<\/p>\n<p>[\/et_pb_text][\/et_pb_column][et_pb_column type=\u00a0\u00bb1_3&Prime; _builder_version=\u00a0\u00bb4.16&Prime; custom_padding=\u00a0\u00bb|||\u00a0\u00bb global_colors_info=\u00a0\u00bb{}\u00a0\u00bb custom_padding__hover=\u00a0\u00bb|||\u00a0\u00bb][et_pb_image src=\u00a0\u00bbhttps:\/\/lereverbere.net\/wp-content\/uploads\/2025\/03\/IMG_3645_BD.jpg\u00a0\u00bb title_text=\u00a0\u00bbIMG_3645_BD\u00a0\u00bb show_bottom_space=\u00a0\u00bboff\u00a0\u00bb force_fullwidth=\u00a0\u00bbon\u00a0\u00bb align_tablet=\u00a0\u00bbcenter\u00a0\u00bb align_phone=\u00a0\u00bbcenter\u00a0\u00bb align_last_edited=\u00a0\u00bbon|desktop\u00a0\u00bb _builder_version=\u00a0\u00bb4.21.0&Prime; animation_style=\u00a0\u00bbslide\u00a0\u00bb animation_direction=\u00a0\u00bbleft\u00a0\u00bb animation_intensity_slide=\u00a0\u00bb5%\u00a0\u00bb animation_starting_opacity=\u00a0\u00bb100%\u00a0\u00bb global_colors_info=\u00a0\u00bb{}\u00a0\u00bb][\/et_pb_image][et_pb_image src=\u00a0\u00bbhttps:\/\/lereverbere.net\/wp-content\/uploads\/2025\/03\/IMG_3677_BD.jpg\u00a0\u00bb title_text=\u00a0\u00bbIMG_3677_BD\u00a0\u00bb show_bottom_space=\u00a0\u00bboff\u00a0\u00bb force_fullwidth=\u00a0\u00bbon\u00a0\u00bb align_tablet=\u00a0\u00bbcenter\u00a0\u00bb align_phone=\u00a0\u00bbcenter\u00a0\u00bb align_last_edited=\u00a0\u00bbon|desktop\u00a0\u00bb _builder_version=\u00a0\u00bb4.21.0&Prime; min_height=\u00a0\u00bb300.4px\u00a0\u00bb custom_padding=\u00a0\u00bb50px|||||\u00a0\u00bb animation_style=\u00a0\u00bbslide\u00a0\u00bb animation_direction=\u00a0\u00bbleft\u00a0\u00bb animation_intensity_slide=\u00a0\u00bb5%\u00a0\u00bb animation_starting_opacity=\u00a0\u00bb100%\u00a0\u00bb global_colors_info=\u00a0\u00bb{}\u00a0\u00bb][\/et_pb_image][\/et_pb_column][\/et_pb_row][et_pb_row column_structure=\u00a0\u00bb1_4,1_4,1_4,1_4&Prime; _builder_version=\u00a0\u00bb4.16&Prime; global_colors_info=\u00a0\u00bb{}\u00a0\u00bb][et_pb_column type=\u00a0\u00bb1_4&Prime; _builder_version=\u00a0\u00bb4.16&Prime; custom_padding=\u00a0\u00bb|||\u00a0\u00bb global_colors_info=\u00a0\u00bb{}\u00a0\u00bb custom_padding__hover=\u00a0\u00bb|||\u00a0\u00bb][et_pb_image src=\u00a0\u00bbhttps:\/\/lereverbere.net\/wp-content\/uploads\/2018\/12\/PlotsBois_nb.png\u00a0\u00bb align_tablet=\u00a0\u00bbcenter\u00a0\u00bb align_phone=\u00a0\u00bbcenter\u00a0\u00bb align_last_edited=\u00a0\u00bbon|desktop\u00a0\u00bb _builder_version=\u00a0\u00bb4.16&Prime; global_colors_info=\u00a0\u00bb{}\u00a0\u00bb][\/et_pb_image][\/et_pb_column][et_pb_column type=\u00a0\u00bb1_4&Prime; _builder_version=\u00a0\u00bb4.16&Prime; custom_padding=\u00a0\u00bb|||\u00a0\u00bb global_colors_info=\u00a0\u00bb{}\u00a0\u00bb custom_padding__hover=\u00a0\u00bb|||\u00a0\u00bb][et_pb_image src=\u00a0\u00bbhttps:\/\/lereverbere.net\/wp-content\/uploads\/2018\/12\/CadreAlu_nb.png\u00a0\u00bb align_tablet=\u00a0\u00bbcenter\u00a0\u00bb align_phone=\u00a0\u00bbcenter\u00a0\u00bb align_last_edited=\u00a0\u00bbon|desktop\u00a0\u00bb _builder_version=\u00a0\u00bb4.16&Prime; global_colors_info=\u00a0\u00bb{}\u00a0\u00bb][\/et_pb_image][\/et_pb_column][et_pb_column type=\u00a0\u00bb1_4&Prime; _builder_version=\u00a0\u00bb4.16&Prime; custom_padding=\u00a0\u00bb|||\u00a0\u00bb global_colors_info=\u00a0\u00bb{}\u00a0\u00bb custom_padding__hover=\u00a0\u00bb|||\u00a0\u00bb][et_pb_image src=\u00a0\u00bbhttps:\/\/lereverbere.net\/wp-content\/uploads\/2025\/03\/IMG_4237_BD.jpg\u00a0\u00bb title_text=\u00a0\u00bbIMG_4237_BD\u00a0\u00bb align_tablet=\u00a0\u00bbcenter\u00a0\u00bb align_phone=\u00a0\u00bbcenter\u00a0\u00bb align_last_edited=\u00a0\u00bbon|desktop\u00a0\u00bb _builder_version=\u00a0\u00bb4.21.0&Prime; global_colors_info=\u00a0\u00bb{}\u00a0\u00bb][\/et_pb_image][\/et_pb_column][et_pb_column type=\u00a0\u00bb1_4&Prime; _builder_version=\u00a0\u00bb4.16&Prime; custom_padding=\u00a0\u00bb|||\u00a0\u00bb global_colors_info=\u00a0\u00bb{}\u00a0\u00bb custom_padding__hover=\u00a0\u00bb|||\u00a0\u00bb][et_pb_image src=\u00a0\u00bbhttps:\/\/lereverbere.net\/wp-content\/uploads\/2025\/03\/IMG_3401_BD-scaled.jpg\u00a0\u00bb title_text=\u00a0\u00bbIMG_3401_BD\u00a0\u00bb align_tablet=\u00a0\u00bbcenter\u00a0\u00bb align_phone=\u00a0\u00bbcenter\u00a0\u00bb align_last_edited=\u00a0\u00bbon|desktop\u00a0\u00bb _builder_version=\u00a0\u00bb4.21.0&Prime; global_colors_info=\u00a0\u00bb{}\u00a0\u00bb][\/et_pb_image][\/et_pb_column][\/et_pb_row][\/et_pb_section]<\/p>\n","protected":false},"excerpt":{"rendered":"<p>Encadrement en bois massif et en aluminiumNous proposons deux types de mat\u00e9riaux pour nos encadrements sur mesure: Encadrement en bois massif Nous travaillons principalement avec des fournisseurs de baguettes d&rsquo;encadrement pour les essences de bois comme le tilleul, le ch\u00eane ou la baguette \u00e0 teindre. Nous r\u00e9alisons \u00e9galement nos propres profils en utilisant principalement 4 [&hellip;]<\/p>\n","protected":false},"author":1,"featured_media":0,"parent":0,"menu_order":0,"comment_status":"closed","ping_status":"closed","template":"","meta":{"_et_pb_use_builder":"on","_et_pb_old_content":"","_et_gb_content_width":"","footnotes":""},"class_list":["post-103","page","type-page","status-publish","hentry"],"yoast_head":"<!-- This site is optimized with the Yoast SEO plugin v27.4 - https:\/\/yoast.com\/product\/yoast-seo-wordpress\/ -->\n<title>Encadrements - Le R\u00e9verb\u00e8re<\/title>\n<meta name=\"robots\" content=\"index, follow, max-snippet:-1, max-image-preview:large, max-video-preview:-1\" \/>\n<link rel=\"canonical\" href=\"https:\/\/lereverbere.net\/index.php\/encadrements\/\" \/>\n<meta property=\"og:locale\" content=\"fr_FR\" \/>\n<meta property=\"og:type\" content=\"article\" \/>\n<meta property=\"og:title\" content=\"Encadrements - Le R\u00e9verb\u00e8re\" \/>\n<meta property=\"og:description\" content=\"Encadrement en bois massif et en aluminiumNous proposons deux types de mat\u00e9riaux pour nos encadrements sur mesure: Encadrement en bois massif Nous travaillons principalement avec des fournisseurs de baguettes d&#039;encadrement pour les essences de bois comme le tilleul, le ch\u00eane ou la baguette \u00e0 teindre. Nous r\u00e9alisons \u00e9galement nos propres profils en utilisant principalement 4 [&hellip;]\" \/>\n<meta property=\"og:url\" content=\"https:\/\/lereverbere.net\/index.php\/encadrements\/\" \/>\n<meta property=\"og:site_name\" content=\"Le R\u00e9verb\u00e8re\" \/>\n<meta property=\"article:modified_time\" content=\"2025-03-30T19:38:12+00:00\" \/>\n<meta name=\"twitter:card\" content=\"summary_large_image\" \/>\n<meta name=\"twitter:label1\" content=\"Dur\u00e9e de lecture estim\u00e9e\" \/>\n\t<meta name=\"twitter:data1\" content=\"4 minutes\" \/>\n<script type=\"application\/ld+json\" class=\"yoast-schema-graph\">{\"@context\":\"https:\\\/\\\/schema.org\",\"@graph\":[{\"@type\":\"WebPage\",\"@id\":\"https:\\\/\\\/lereverbere.net\\\/index.php\\\/encadrements\\\/\",\"url\":\"https:\\\/\\\/lereverbere.net\\\/index.php\\\/encadrements\\\/\",\"name\":\"Encadrements - Le R\u00e9verb\u00e8re\",\"isPartOf\":{\"@id\":\"https:\\\/\\\/lereverbere.net\\\/#website\"},\"datePublished\":\"2018-09-25T09:39:09+00:00\",\"dateModified\":\"2025-03-30T19:38:12+00:00\",\"breadcrumb\":{\"@id\":\"https:\\\/\\\/lereverbere.net\\\/index.php\\\/encadrements\\\/#breadcrumb\"},\"inLanguage\":\"fr-FR\",\"potentialAction\":[{\"@type\":\"ReadAction\",\"target\":[\"https:\\\/\\\/lereverbere.net\\\/index.php\\\/encadrements\\\/\"]}]},{\"@type\":\"BreadcrumbList\",\"@id\":\"https:\\\/\\\/lereverbere.net\\\/index.php\\\/encadrements\\\/#breadcrumb\",\"itemListElement\":[{\"@type\":\"ListItem\",\"position\":1,\"name\":\"Accueil\",\"item\":\"https:\\\/\\\/lereverbere.net\\\/\"},{\"@type\":\"ListItem\",\"position\":2,\"name\":\"Encadrements\"}]},{\"@type\":\"WebSite\",\"@id\":\"https:\\\/\\\/lereverbere.net\\\/#website\",\"url\":\"https:\\\/\\\/lereverbere.net\\\/\",\"name\":\"Le R\u00e9verb\u00e8re\",\"description\":\"Espace de convergence et d&#039;\u00e9mulation photographique\",\"potentialAction\":[{\"@type\":\"SearchAction\",\"target\":{\"@type\":\"EntryPoint\",\"urlTemplate\":\"https:\\\/\\\/lereverbere.net\\\/?s={search_term_string}\"},\"query-input\":{\"@type\":\"PropertyValueSpecification\",\"valueRequired\":true,\"valueName\":\"search_term_string\"}}],\"inLanguage\":\"fr-FR\"}]}<\/script>\n<!-- \/ Yoast SEO plugin. -->","yoast_head_json":{"title":"Encadrements - Le R\u00e9verb\u00e8re","robots":{"index":"index","follow":"follow","max-snippet":"max-snippet:-1","max-image-preview":"max-image-preview:large","max-video-preview":"max-video-preview:-1"},"canonical":"https:\/\/lereverbere.net\/index.php\/encadrements\/","og_locale":"fr_FR","og_type":"article","og_title":"Encadrements - Le R\u00e9verb\u00e8re","og_description":"Encadrement en bois massif et en aluminiumNous proposons deux types de mat\u00e9riaux pour nos encadrements sur mesure: Encadrement en bois massif Nous travaillons principalement avec des fournisseurs de baguettes d'encadrement pour les essences de bois comme le tilleul, le ch\u00eane ou la baguette \u00e0 teindre. Nous r\u00e9alisons \u00e9galement nos propres profils en utilisant principalement 4 [&hellip;]","og_url":"https:\/\/lereverbere.net\/index.php\/encadrements\/","og_site_name":"Le R\u00e9verb\u00e8re","article_modified_time":"2025-03-30T19:38:12+00:00","twitter_card":"summary_large_image","twitter_misc":{"Dur\u00e9e de lecture estim\u00e9e":"4 minutes"},"schema":{"@context":"https:\/\/schema.org","@graph":[{"@type":"WebPage","@id":"https:\/\/lereverbere.net\/index.php\/encadrements\/","url":"https:\/\/lereverbere.net\/index.php\/encadrements\/","name":"Encadrements - Le R\u00e9verb\u00e8re","isPartOf":{"@id":"https:\/\/lereverbere.net\/#website"},"datePublished":"2018-09-25T09:39:09+00:00","dateModified":"2025-03-30T19:38:12+00:00","breadcrumb":{"@id":"https:\/\/lereverbere.net\/index.php\/encadrements\/#breadcrumb"},"inLanguage":"fr-FR","potentialAction":[{"@type":"ReadAction","target":["https:\/\/lereverbere.net\/index.php\/encadrements\/"]}]},{"@type":"BreadcrumbList","@id":"https:\/\/lereverbere.net\/index.php\/encadrements\/#breadcrumb","itemListElement":[{"@type":"ListItem","position":1,"name":"Accueil","item":"https:\/\/lereverbere.net\/"},{"@type":"ListItem","position":2,"name":"Encadrements"}]},{"@type":"WebSite","@id":"https:\/\/lereverbere.net\/#website","url":"https:\/\/lereverbere.net\/","name":"Le R\u00e9verb\u00e8re","description":"Espace de convergence et d&#039;\u00e9mulation photographique","potentialAction":[{"@type":"SearchAction","target":{"@type":"EntryPoint","urlTemplate":"https:\/\/lereverbere.net\/?s={search_term_string}"},"query-input":{"@type":"PropertyValueSpecification","valueRequired":true,"valueName":"search_term_string"}}],"inLanguage":"fr-FR"}]}},"_links":{"self":[{"href":"https:\/\/lereverbere.net\/index.php\/wp-json\/wp\/v2\/pages\/103","targetHints":{"allow":["GET"]}}],"collection":[{"href":"https:\/\/lereverbere.net\/index.php\/wp-json\/wp\/v2\/pages"}],"about":[{"href":"https:\/\/lereverbere.net\/index.php\/wp-json\/wp\/v2\/types\/page"}],"author":[{"embeddable":true,"href":"https:\/\/lereverbere.net\/index.php\/wp-json\/wp\/v2\/users\/1"}],"replies":[{"embeddable":true,"href":"https:\/\/lereverbere.net\/index.php\/wp-json\/wp\/v2\/comments?post=103"}],"version-history":[{"count":20,"href":"https:\/\/lereverbere.net\/index.php\/wp-json\/wp\/v2\/pages\/103\/revisions"}],"predecessor-version":[{"id":1993,"href":"https:\/\/lereverbere.net\/index.php\/wp-json\/wp\/v2\/pages\/103\/revisions\/1993"}],"wp:attachment":[{"href":"https:\/\/lereverbere.net\/index.php\/wp-json\/wp\/v2\/media?parent=103"}],"curies":[{"name":"wp","href":"https:\/\/api.w.org\/{rel}","templated":true}]}}