{"id":25,"date":"2018-09-25T10:00:22","date_gmt":"2018-09-25T08:00:22","guid":{"rendered":"http:\/\/lereverbere.net\/?page_id=25"},"modified":"2023-06-22T18:58:33","modified_gmt":"2023-06-22T16:58:33","slug":"location","status":"publish","type":"page","link":"https:\/\/lereverbere.net\/index.php\/location\/","title":{"rendered":"Location"},"content":{"rendered":"<p>[et_pb_section fb_built=\u00a0\u00bb1&Prime; admin_label=\u00a0\u00bbNew Arrivals Section\u00a0\u00bb _builder_version=\u00a0\u00bb4.16&Prime; custom_padding=\u00a0\u00bb74px|0px|120px|0px|false|false\u00a0\u00bb locked=\u00a0\u00bboff\u00a0\u00bb global_colors_info=\u00a0\u00bb{}\u00a0\u00bb][et_pb_row _builder_version=\u00a0\u00bb4.16&Prime; background_size=\u00a0\u00bbinitial\u00a0\u00bb background_position=\u00a0\u00bbtop_left\u00a0\u00bb background_repeat=\u00a0\u00bbrepeat\u00a0\u00bb global_colors_info=\u00a0\u00bb{}\u00a0\u00bb][et_pb_column type=\u00a0\u00bb4_4&Prime; _builder_version=\u00a0\u00bb4.16&Prime; custom_padding=\u00a0\u00bb|||\u00a0\u00bb global_colors_info=\u00a0\u00bb{}\u00a0\u00bb custom_padding__hover=\u00a0\u00bb|||\u00a0\u00bb][et_pb_text admin_label=\u00a0\u00bbTitle\u00a0\u00bb _builder_version=\u00a0\u00bb4.16&Prime; text_font=\u00a0\u00bbRaleway||||||||\u00a0\u00bb text_text_color=\u00a0\u00bb#8e8e8d\u00a0\u00bb text_font_size=\u00a0\u00bb16px\u00a0\u00bb text_line_height=\u00a0\u00bb2em\u00a0\u00bb header_font=\u00a0\u00bbRaleway|||on|||||\u00a0\u00bb header_text_align=\u00a0\u00bbcenter\u00a0\u00bb header_text_color=\u00a0\u00bb#000000&Prime; header_font_size=\u00a0\u00bb35px\u00a0\u00bb header_letter_spacing=\u00a0\u00bb6px\u00a0\u00bb header_line_height=\u00a0\u00bb1.4em\u00a0\u00bb text_orientation=\u00a0\u00bbcenter\u00a0\u00bb background_layout=\u00a0\u00bbdark\u00a0\u00bb max_width=\u00a0\u00bb800px\u00a0\u00bb module_alignment=\u00a0\u00bbcenter\u00a0\u00bb animation_style=\u00a0\u00bbslide\u00a0\u00bb animation_direction=\u00a0\u00bbtop\u00a0\u00bb animation_intensity_slide=\u00a0\u00bb3%\u00a0\u00bb animation_starting_opacity=\u00a0\u00bb100%\u00a0\u00bb header_font_size_tablet=\u00a0\u00bb40px\u00a0\u00bb header_font_size_phone=\u00a0\u00bb\u00a0\u00bb header_font_size_last_edited=\u00a0\u00bbon|tablet\u00a0\u00bb global_colors_info=\u00a0\u00bb{}\u00a0\u00bb]<\/p>\n<h1 style=\"text-align: center;\">La location<\/h1>\n<p>&nbsp;<\/p>\n<p style=\"text-align: left;\">Vous avez le temps, vous savez faire et vous avez envie d&rsquo;exp\u00e9rimenter par vous-m\u00eame&#8230;<\/p>\n<p style=\"text-align: left;\">\u00a0Le R\u00e9verb\u00e8re vous propose des espaces et du mat\u00e9riel de travail \u00e0 la location, \u00e9quip\u00e9s et adapt\u00e9s \u00e0 vos besoins, vous pourrez y laisser exprimer toute votre cr\u00e9ativit\u00e9 en totale autonomie.<\/p>\n<p style=\"text-align: left;\">\u00a0<span>Il vous manque de l\u2019autonomie technique pour mener \u00e0\u00a0 bien votre projet personnel? \u00a0Vous pourrez compl\u00e9ter votre location par un accompagnement\u00a0personnalis\u00e9 \u00a0afin d\u2019acqu\u00e9rir une pratique technique et artistique dont l\u2019objectif est de vous permettre de travailler par la suite en totale autonomie. <\/span><span>N&rsquo;h\u00e9sitez pas \u00e0 \u00a0vous renseigner, nous sommes \u00e0 votre \u00e9coute.<\/span><\/p>\n<p>&nbsp;<\/p>\n<p>&nbsp;<\/p>\n<p>&nbsp;<\/p>\n<p>[\/et_pb_text][\/et_pb_column][\/et_pb_row][et_pb_row _builder_version=\u00a0\u00bb4.21.0&Prime; max_width=\u00a0\u00bb1440px\u00a0\u00bb custom_margin=\u00a0\u00bb20px|||\u00a0\u00bb custom_padding=\u00a0\u00bb|||\u00a0\u00bb hover_enabled=\u00a0\u00bb0&Prime; border_color_all=\u00a0\u00bb#a3a3a3&Prime; use_custom_width=\u00a0\u00bbon\u00a0\u00bb custom_width_px=\u00a0\u00bb1440px\u00a0\u00bb locked=\u00a0\u00bboff\u00a0\u00bb global_colors_info=\u00a0\u00bb{}\u00a0\u00bb column_structure=\u00a0\u00bb1_2,1_2&Prime; sticky_enabled=\u00a0\u00bb0&Prime;][et_pb_column type=\u00a0\u00bb1_2&Prime; _builder_version=\u00a0\u00bb4.16&Prime; custom_padding=\u00a0\u00bb|||\u00a0\u00bb global_colors_info=\u00a0\u00bb{}\u00a0\u00bb custom_padding__hover=\u00a0\u00bb|||\u00a0\u00bb][et_pb_blurb title=\u00a0\u00bbLabo argentique\u00a0\u00bb url=\u00a0\u00bbhttps:\/\/lereverbere.net\/index.php\/labo-argentique\/\u00a0\u00bb image=\u00a0\u00bbhttps:\/\/lereverbere.net\/wp-content\/uploads\/2018\/12\/Module_laboArg.png\u00a0\u00bb image_icon_width=\u00a0\u00bb98%\u00a0\u00bb _builder_version=\u00a0\u00bb4.16&Prime; header_font=\u00a0\u00bbRaleway||||||||\u00a0\u00bb header_text_color=\u00a0\u00bb#8E8E8D\u00a0\u00bb header_line_height=\u00a0\u00bb2.2em\u00a0\u00bb text_orientation=\u00a0\u00bbcenter\u00a0\u00bb animation=\u00a0\u00bbright\u00a0\u00bb border_width_all_image=\u00a0\u00bb1px\u00a0\u00bb border_color_all_image=\u00a0\u00bb#8E8E8D\u00a0\u00bb box_shadow_style_image=\u00a0\u00bbpreset3&Prime; image_max_width=\u00a0\u00bb98%\u00a0\u00bb global_colors_info=\u00a0\u00bb{}\u00a0\u00bb][\/et_pb_blurb][\/et_pb_column][et_pb_column type=\u00a0\u00bb1_2&Prime; _builder_version=\u00a0\u00bb4.16&Prime; custom_padding=\u00a0\u00bb|||\u00a0\u00bb global_colors_info=\u00a0\u00bb{}\u00a0\u00bb custom_padding__hover=\u00a0\u00bb|||\u00a0\u00bb][et_pb_blurb title=\u00a0\u00bbLabo num\u00e9rique\u00a0\u00bb url=\u00a0\u00bbhttps:\/\/lereverbere.net\/index.php\/labo-numerique\/\u00a0\u00bb image=\u00a0\u00bbhttps:\/\/lereverbere.net\/wp-content\/uploads\/2018\/12\/Module_laboNum.png\u00a0\u00bb image_icon_width=\u00a0\u00bb98%\u00a0\u00bb _builder_version=\u00a0\u00bb4.16&Prime; header_font=\u00a0\u00bbRaleway||||||||\u00a0\u00bb header_text_color=\u00a0\u00bb#8E8E8D\u00a0\u00bb header_line_height=\u00a0\u00bb2.2em\u00a0\u00bb text_orientation=\u00a0\u00bbcenter\u00a0\u00bb animation=\u00a0\u00bbright\u00a0\u00bb border_width_all_image=\u00a0\u00bb1px\u00a0\u00bb border_color_all_image=\u00a0\u00bb#8E8E8D\u00a0\u00bb box_shadow_style_image=\u00a0\u00bbpreset3&Prime; image_max_width=\u00a0\u00bb98%\u00a0\u00bb global_colors_info=\u00a0\u00bb{}\u00a0\u00bb][\/et_pb_blurb][\/et_pb_column][\/et_pb_row][\/et_pb_section]<\/p>\n","protected":false},"excerpt":{"rendered":"<p>La location &nbsp; Vous avez le temps, vous savez faire et vous avez envie d&rsquo;exp\u00e9rimenter par vous-m\u00eame&#8230; \u00a0Le R\u00e9verb\u00e8re vous propose des espaces et du mat\u00e9riel de travail \u00e0 la location, \u00e9quip\u00e9s et adapt\u00e9s \u00e0 vos besoins, vous pourrez y laisser exprimer toute votre cr\u00e9ativit\u00e9 en totale autonomie. \u00a0Il vous manque de l\u2019autonomie technique pour [&hellip;]<\/p>\n","protected":false},"author":1,"featured_media":0,"parent":0,"menu_order":0,"comment_status":"closed","ping_status":"closed","template":"","meta":{"_et_pb_use_builder":"on","_et_pb_old_content":"","_et_gb_content_width":"","footnotes":""},"class_list":["post-25","page","type-page","status-publish","hentry"],"yoast_head":"<!-- This site is optimized with the Yoast SEO plugin v27.5 - https:\/\/yoast.com\/product\/yoast-seo-wordpress\/ -->\n<title>Location - Le R\u00e9verb\u00e8re<\/title>\n<meta name=\"robots\" content=\"index, follow, max-snippet:-1, max-image-preview:large, max-video-preview:-1\" \/>\n<link rel=\"canonical\" href=\"https:\/\/lereverbere.net\/index.php\/location\/\" \/>\n<meta property=\"og:locale\" content=\"fr_FR\" \/>\n<meta property=\"og:type\" content=\"article\" \/>\n<meta property=\"og:title\" content=\"Location - Le R\u00e9verb\u00e8re\" \/>\n<meta property=\"og:description\" content=\"La location &nbsp; Vous avez le temps, vous savez faire et vous avez envie d&#039;exp\u00e9rimenter par vous-m\u00eame... \u00a0Le R\u00e9verb\u00e8re vous propose des espaces et du mat\u00e9riel de travail \u00e0 la location, \u00e9quip\u00e9s et adapt\u00e9s \u00e0 vos besoins, vous pourrez y laisser exprimer toute votre cr\u00e9ativit\u00e9 en totale autonomie. \u00a0Il vous manque de l\u2019autonomie technique pour [&hellip;]\" \/>\n<meta property=\"og:url\" content=\"https:\/\/lereverbere.net\/index.php\/location\/\" \/>\n<meta property=\"og:site_name\" content=\"Le R\u00e9verb\u00e8re\" \/>\n<meta property=\"article:modified_time\" content=\"2023-06-22T16:58:33+00:00\" \/>\n<meta name=\"twitter:card\" content=\"summary_large_image\" \/>\n<meta name=\"twitter:label1\" content=\"Dur\u00e9e de lecture estim\u00e9e\" \/>\n\t<meta name=\"twitter:data1\" content=\"2 minutes\" \/>\n<script type=\"application\/ld+json\" class=\"yoast-schema-graph\">{\"@context\":\"https:\\\/\\\/schema.org\",\"@graph\":[{\"@type\":\"WebPage\",\"@id\":\"https:\\\/\\\/lereverbere.net\\\/index.php\\\/location\\\/\",\"url\":\"https:\\\/\\\/lereverbere.net\\\/index.php\\\/location\\\/\",\"name\":\"Location - Le R\u00e9verb\u00e8re\",\"isPartOf\":{\"@id\":\"https:\\\/\\\/lereverbere.net\\\/#website\"},\"datePublished\":\"2018-09-25T08:00:22+00:00\",\"dateModified\":\"2023-06-22T16:58:33+00:00\",\"breadcrumb\":{\"@id\":\"https:\\\/\\\/lereverbere.net\\\/index.php\\\/location\\\/#breadcrumb\"},\"inLanguage\":\"fr-FR\",\"potentialAction\":[{\"@type\":\"ReadAction\",\"target\":[\"https:\\\/\\\/lereverbere.net\\\/index.php\\\/location\\\/\"]}]},{\"@type\":\"BreadcrumbList\",\"@id\":\"https:\\\/\\\/lereverbere.net\\\/index.php\\\/location\\\/#breadcrumb\",\"itemListElement\":[{\"@type\":\"ListItem\",\"position\":1,\"name\":\"Accueil\",\"item\":\"https:\\\/\\\/lereverbere.net\\\/\"},{\"@type\":\"ListItem\",\"position\":2,\"name\":\"Location\"}]},{\"@type\":\"WebSite\",\"@id\":\"https:\\\/\\\/lereverbere.net\\\/#website\",\"url\":\"https:\\\/\\\/lereverbere.net\\\/\",\"name\":\"Le R\u00e9verb\u00e8re\",\"description\":\"Espace de convergence et d&#039;\u00e9mulation photographique\",\"potentialAction\":[{\"@type\":\"SearchAction\",\"target\":{\"@type\":\"EntryPoint\",\"urlTemplate\":\"https:\\\/\\\/lereverbere.net\\\/?s={search_term_string}\"},\"query-input\":{\"@type\":\"PropertyValueSpecification\",\"valueRequired\":true,\"valueName\":\"search_term_string\"}}],\"inLanguage\":\"fr-FR\"}]}<\/script>\n<!-- \/ Yoast SEO plugin. -->","yoast_head_json":{"title":"Location - Le R\u00e9verb\u00e8re","robots":{"index":"index","follow":"follow","max-snippet":"max-snippet:-1","max-image-preview":"max-image-preview:large","max-video-preview":"max-video-preview:-1"},"canonical":"https:\/\/lereverbere.net\/index.php\/location\/","og_locale":"fr_FR","og_type":"article","og_title":"Location - Le R\u00e9verb\u00e8re","og_description":"La location &nbsp; Vous avez le temps, vous savez faire et vous avez envie d'exp\u00e9rimenter par vous-m\u00eame... \u00a0Le R\u00e9verb\u00e8re vous propose des espaces et du mat\u00e9riel de travail \u00e0 la location, \u00e9quip\u00e9s et adapt\u00e9s \u00e0 vos besoins, vous pourrez y laisser exprimer toute votre cr\u00e9ativit\u00e9 en totale autonomie. \u00a0Il vous manque de l\u2019autonomie technique pour [&hellip;]","og_url":"https:\/\/lereverbere.net\/index.php\/location\/","og_site_name":"Le R\u00e9verb\u00e8re","article_modified_time":"2023-06-22T16:58:33+00:00","twitter_card":"summary_large_image","twitter_misc":{"Dur\u00e9e de lecture estim\u00e9e":"2 minutes"},"schema":{"@context":"https:\/\/schema.org","@graph":[{"@type":"WebPage","@id":"https:\/\/lereverbere.net\/index.php\/location\/","url":"https:\/\/lereverbere.net\/index.php\/location\/","name":"Location - Le R\u00e9verb\u00e8re","isPartOf":{"@id":"https:\/\/lereverbere.net\/#website"},"datePublished":"2018-09-25T08:00:22+00:00","dateModified":"2023-06-22T16:58:33+00:00","breadcrumb":{"@id":"https:\/\/lereverbere.net\/index.php\/location\/#breadcrumb"},"inLanguage":"fr-FR","potentialAction":[{"@type":"ReadAction","target":["https:\/\/lereverbere.net\/index.php\/location\/"]}]},{"@type":"BreadcrumbList","@id":"https:\/\/lereverbere.net\/index.php\/location\/#breadcrumb","itemListElement":[{"@type":"ListItem","position":1,"name":"Accueil","item":"https:\/\/lereverbere.net\/"},{"@type":"ListItem","position":2,"name":"Location"}]},{"@type":"WebSite","@id":"https:\/\/lereverbere.net\/#website","url":"https:\/\/lereverbere.net\/","name":"Le R\u00e9verb\u00e8re","description":"Espace de convergence et d&#039;\u00e9mulation photographique","potentialAction":[{"@type":"SearchAction","target":{"@type":"EntryPoint","urlTemplate":"https:\/\/lereverbere.net\/?s={search_term_string}"},"query-input":{"@type":"PropertyValueSpecification","valueRequired":true,"valueName":"search_term_string"}}],"inLanguage":"fr-FR"}]}},"_links":{"self":[{"href":"https:\/\/lereverbere.net\/index.php\/wp-json\/wp\/v2\/pages\/25","targetHints":{"allow":["GET"]}}],"collection":[{"href":"https:\/\/lereverbere.net\/index.php\/wp-json\/wp\/v2\/pages"}],"about":[{"href":"https:\/\/lereverbere.net\/index.php\/wp-json\/wp\/v2\/types\/page"}],"author":[{"embeddable":true,"href":"https:\/\/lereverbere.net\/index.php\/wp-json\/wp\/v2\/users\/1"}],"replies":[{"embeddable":true,"href":"https:\/\/lereverbere.net\/index.php\/wp-json\/wp\/v2\/comments?post=25"}],"version-history":[{"count":30,"href":"https:\/\/lereverbere.net\/index.php\/wp-json\/wp\/v2\/pages\/25\/revisions"}],"predecessor-version":[{"id":1882,"href":"https:\/\/lereverbere.net\/index.php\/wp-json\/wp\/v2\/pages\/25\/revisions\/1882"}],"wp:attachment":[{"href":"https:\/\/lereverbere.net\/index.php\/wp-json\/wp\/v2\/media?parent=25"}],"curies":[{"name":"wp","href":"https:\/\/api.w.org\/{rel}","templated":true}]}}