{"id":72,"date":"2018-09-25T11:27:15","date_gmt":"2018-09-25T09:27:15","guid":{"rendered":"http:\/\/lereverbere.net\/?page_id=72"},"modified":"2025-03-30T17:41:44","modified_gmt":"2025-03-30T15:41:44","slug":"labo-argentique","status":"publish","type":"page","link":"https:\/\/lereverbere.net\/index.php\/labo-argentique\/","title":{"rendered":"Labo argentique"},"content":{"rendered":"<p>[et_pb_section fb_built=\u00a0\u00bb1&Prime; admin_label=\u00a0\u00bbFeature Section\u00a0\u00bb _builder_version=\u00a0\u00bb4.16&Prime; custom_padding=\u00a0\u00bb120px||0||false|false\u00a0\u00bb global_colors_info=\u00a0\u00bb{}\u00a0\u00bb][et_pb_row _builder_version=\u00a0\u00bb4.16&Prime; global_colors_info=\u00a0\u00bb{}\u00a0\u00bb][et_pb_column type=\u00a0\u00bb4_4&Prime; _builder_version=\u00a0\u00bb4.16&Prime; custom_padding=\u00a0\u00bb|||\u00a0\u00bb global_colors_info=\u00a0\u00bb{}\u00a0\u00bb custom_padding__hover=\u00a0\u00bb|||\u00a0\u00bb][et_pb_text admin_label=\u00a0\u00bbTitle\u00a0\u00bb _builder_version=\u00a0\u00bb4.16&Prime; text_font=\u00a0\u00bbRaleway||||||||\u00a0\u00bb text_text_color=\u00a0\u00bb#000000&Prime; ul_font=\u00a0\u00bb||||||||\u00a0\u00bb header_font=\u00a0\u00bbRaleway||||||||\u00a0\u00bb header_text_align=\u00a0\u00bbleft\u00a0\u00bb header_text_color=\u00a0\u00bb#000000&Prime; header_font_size=\u00a0\u00bb35px\u00a0\u00bb header_line_height=\u00a0\u00bb1.2em\u00a0\u00bb header_2_font=\u00a0\u00bbQuattrocento||||||||\u00a0\u00bb header_2_font_size=\u00a0\u00bb60px\u00a0\u00bb header_2_line_height=\u00a0\u00bb1.3em\u00a0\u00bb custom_margin=\u00a0\u00bb||10px|\u00a0\u00bb animation_style=\u00a0\u00bbfade\u00a0\u00bb animation_direction=\u00a0\u00bbleft\u00a0\u00bb animation_starting_opacity=\u00a0\u00bb100%\u00a0\u00bb header_2_font_size_tablet=\u00a0\u00bb40px\u00a0\u00bb header_2_font_size_phone=\u00a0\u00bb\u00a0\u00bb header_2_font_size_last_edited=\u00a0\u00bbon|desktop\u00a0\u00bb global_colors_info=\u00a0\u00bb{}\u00a0\u00bb]<\/p>\n<h1>Labo Argentique<\/h1>\n<p>[\/et_pb_text][et_pb_text admin_label=\u00a0\u00bbSubtitle\u00a0\u00bb _builder_version=\u00a0\u00bb4.16&Prime; text_font=\u00a0\u00bbRaleway||||||||\u00a0\u00bb text_text_color=\u00a0\u00bb#8e8e8d\u00a0\u00bb text_font_size=\u00a0\u00bb18px\u00a0\u00bb text_line_height=\u00a0\u00bb2.2em\u00a0\u00bb header_font=\u00a0\u00bbRaleway||||||||\u00a0\u00bb header_text_color=\u00a0\u00bb#8e8e8d\u00a0\u00bb header_2_font=\u00a0\u00bb||||||||\u00a0\u00bb text_orientation=\u00a0\u00bbcenter\u00a0\u00bb max_width=\u00a0\u00bb700px\u00a0\u00bb module_alignment=\u00a0\u00bbleft\u00a0\u00bb animation_style=\u00a0\u00bbfade\u00a0\u00bb animation_direction=\u00a0\u00bbleft\u00a0\u00bb animation_starting_opacity=\u00a0\u00bb100%\u00a0\u00bb global_colors_info=\u00a0\u00bb{}\u00a0\u00bb]<\/p>\n<p style=\"text-align: justify;\">Vous avez envie de d\u00e9couvrir ou red\u00e9couvrir la photographie argentique ailleurs que dans votre salle de bain&#8230;? \u00eatre \u00e0 nouveau \u00e9merveill\u00e9 par le grain de la pellicule et la r\u00e9v\u00e9lation de l&rsquo;image latente?\u00a0Nous vous proposons un laboratoire argentique \u00e9quip\u00e9, o\u00f9 vous pourrez venir d\u00e9velopper vos films et r\u00e9aliser vos tirages papier noir et blanc en toute tranquillit\u00e9.<\/p>\n<p style=\"text-align: justify;\"><span style=\"font-size: 18px; text-align: justify;\">Besoin d&rsquo;un coup de main? Nous proposons des formules d&rsquo;accompagnement afin de vous aider \u00e0 vous rendre plus autonome.<\/span><\/p>\n<p>&nbsp;<\/p>\n<p>[\/et_pb_text][\/et_pb_column][\/et_pb_row][et_pb_row column_structure=\u00a0\u00bb1_3,2_3&Prime; use_custom_gutter=\u00a0\u00bbon\u00a0\u00bb _builder_version=\u00a0\u00bb4.16&Prime; max_width=\u00a0\u00bb1440px\u00a0\u00bb custom_margin=\u00a0\u00bb20px|||\u00a0\u00bb custom_padding=\u00a0\u00bb40px|41px|39px|38px|false|false\u00a0\u00bb use_custom_width=\u00a0\u00bbon\u00a0\u00bb custom_width_px=\u00a0\u00bb1440px\u00a0\u00bb global_colors_info=\u00a0\u00bb{}\u00a0\u00bb][et_pb_column type=\u00a0\u00bb1_3&Prime; _builder_version=\u00a0\u00bb4.16&Prime; custom_padding=\u00a0\u00bb|||\u00a0\u00bb global_colors_info=\u00a0\u00bb{}\u00a0\u00bb custom_padding__hover=\u00a0\u00bb|||\u00a0\u00bb][et_pb_image src=\u00a0\u00bbhttps:\/\/lereverbere.net\/wp-content\/uploads\/2018\/11\/IMG_5271.jpg\u00a0\u00bb show_bottom_space=\u00a0\u00bboff\u00a0\u00bb force_fullwidth=\u00a0\u00bbon\u00a0\u00bb align_tablet=\u00a0\u00bbcenter\u00a0\u00bb align_phone=\u00a0\u00bb\u00a0\u00bb align_last_edited=\u00a0\u00bbon|desktop\u00a0\u00bb _builder_version=\u00a0\u00bb4.16&Prime; animation_style=\u00a0\u00bbslide\u00a0\u00bb animation_direction=\u00a0\u00bbleft\u00a0\u00bb animation_intensity_slide=\u00a0\u00bb5%\u00a0\u00bb animation_starting_opacity=\u00a0\u00bb100%\u00a0\u00bb box_shadow_style=\u00a0\u00bbpreset3&Prime; box_shadow_vertical=\u00a0\u00bb80px\u00a0\u00bb box_shadow_blur=\u00a0\u00bb120px\u00a0\u00bb box_shadow_spread=\u00a0\u00bb-60px\u00a0\u00bb box_shadow_color=\u00a0\u00bbrgba(63,63,31,0.3)\u00a0\u00bb global_colors_info=\u00a0\u00bb{}\u00a0\u00bb][\/et_pb_image][et_pb_image src=\u00a0\u00bbhttps:\/\/lereverbere.net\/wp-content\/uploads\/2019\/06\/P2M0634.jpg\u00a0\u00bb _builder_version=\u00a0\u00bb4.16&Prime; custom_margin=\u00a0\u00bb-1px|||||\u00a0\u00bb custom_padding=\u00a0\u00bb27px|||||\u00a0\u00bb global_colors_info=\u00a0\u00bb{}\u00a0\u00bb][\/et_pb_image][\/et_pb_column][et_pb_column type=\u00a0\u00bb2_3&Prime; _builder_version=\u00a0\u00bb4.16&Prime; custom_padding=\u00a0\u00bb50px||50px|\u00a0\u00bb global_colors_info=\u00a0\u00bb{}\u00a0\u00bb custom_padding__hover=\u00a0\u00bb|||\u00a0\u00bb][et_pb_blurb title=\u00a0\u00bbEquipements\u00a0\u00bb image=\u00a0\u00bbhttps:\/\/lereverbere.net\/wp-content\/uploads\/2018\/10\/triangles_WEB.png\u00a0\u00bb icon_placement=\u00a0\u00bbleft\u00a0\u00bb _builder_version=\u00a0\u00bb4.16&Prime; header_font=\u00a0\u00bbRaleway||||||||\u00a0\u00bb header_font_size=\u00a0\u00bb24px\u00a0\u00bb header_line_height=\u00a0\u00bb1.3em\u00a0\u00bb body_font=\u00a0\u00bbRaleway||||||||\u00a0\u00bb body_font_size=\u00a0\u00bb16px\u00a0\u00bb body_line_height=\u00a0\u00bb1.8em\u00a0\u00bb global_colors_info=\u00a0\u00bb{}\u00a0\u00bb]<\/p>\n<p>&#8211; Agrandisseurs pour tirages noir et blanc, t\u00eate couleurs ou \u00e0 condenseurs du format 24&#215;36 au 5&#215;7&Prime;<\/p>\n<p>&#8211; Margeurs, filtres, scoponet<\/p>\n<p>&#8211; Cuves, spires et accessoires de d\u00e9veloppement\u00a0<\/p>\n<p>[\/et_pb_blurb][et_pb_blurb title=\u00a0\u00bbConditions\u00a0\u00bb image=\u00a0\u00bbhttps:\/\/lereverbere.net\/wp-content\/uploads\/2018\/10\/triangles_WEB.png\u00a0\u00bb icon_placement=\u00a0\u00bbleft\u00a0\u00bb _builder_version=\u00a0\u00bb4.16&Prime; header_font=\u00a0\u00bbRaleway||||||||\u00a0\u00bb header_font_size=\u00a0\u00bb24px\u00a0\u00bb header_line_height=\u00a0\u00bb1.3em\u00a0\u00bb body_font=\u00a0\u00bbRaleway||||||||\u00a0\u00bb body_font_size=\u00a0\u00bb16px\u00a0\u00bb body_line_height=\u00a0\u00bb1.8em\u00a0\u00bb locked=\u00a0\u00bboff\u00a0\u00bb global_colors_info=\u00a0\u00bb{}\u00a0\u00bb]<\/p>\n<p>Chimie de d\u00e9veloppement et de tirage mises \u00e0 disposition: X-Tol, Eukobrom&#8230;<\/p>\n<p>A pr\u00e9voir par vos soins: papier photo, chiffons, gants et\/ou agents antistatiques, blouse&#8230; tout ce dont vous aurez besoin et que vous jugerez n\u00e9c\u00e9ssaire<\/p>\n<p>[\/et_pb_blurb][et_pb_blurb title=\u00a0\u00bbTarifs\u00a0\u00bb image=\u00a0\u00bbhttps:\/\/lereverbere.net\/wp-content\/uploads\/2018\/10\/triangles_WEB.png\u00a0\u00bb icon_placement=\u00a0\u00bbleft\u00a0\u00bb _builder_version=\u00a0\u00bb4.16&Prime; header_font=\u00a0\u00bbRaleway||||||||\u00a0\u00bb header_font_size=\u00a0\u00bb24px\u00a0\u00bb header_line_height=\u00a0\u00bb1.3em\u00a0\u00bb body_font=\u00a0\u00bbRaleway||||||||\u00a0\u00bb body_font_size=\u00a0\u00bb16px\u00a0\u00bb body_line_height=\u00a0\u00bb1.8em\u00a0\u00bb locked=\u00a0\u00bboff\u00a0\u00bb global_colors_info=\u00a0\u00bb{}\u00a0\u00bb]<\/p>\n<p><span>1h: \u00a06\u20ac<\/span><br \/><span>1\/2 journ\u00e9e (3h): \u00a015\u20ac<\/span><br \/><span>Journ\u00e9e (7h): \u00a030\u20ac<\/span><\/p>\n<p><span style=\"font-size: 16px;\">Pass 30h: \u00a0125\u20ac<\/span><\/p>\n<p><span>Accompagnement (1\/2h): 25\u20ac<\/span><\/p>\n<p><span>Accompagnement (1h): 45\u20ac<\/span><\/p>\n<p><em><\/em><\/p>\n<p>&nbsp;<\/p>\n<p>&nbsp;<\/p>\n<p>&nbsp;<\/p>\n<p>&nbsp;<\/p>\n<p>&nbsp;<\/p>\n<p>&nbsp;<\/p>\n<p>&nbsp;<\/p>\n<p>[\/et_pb_blurb][\/et_pb_column][\/et_pb_row][\/et_pb_section]<\/p>\n","protected":false},"excerpt":{"rendered":"<p>Labo ArgentiqueVous avez envie de d\u00e9couvrir ou red\u00e9couvrir la photographie argentique ailleurs que dans votre salle de bain&#8230;? \u00eatre \u00e0 nouveau \u00e9merveill\u00e9 par le grain de la pellicule et la r\u00e9v\u00e9lation de l&rsquo;image latente?\u00a0Nous vous proposons un laboratoire argentique \u00e9quip\u00e9, o\u00f9 vous pourrez venir d\u00e9velopper vos films et r\u00e9aliser vos tirages papier noir et blanc [&hellip;]<\/p>\n","protected":false},"author":1,"featured_media":0,"parent":0,"menu_order":0,"comment_status":"closed","ping_status":"closed","template":"","meta":{"_et_pb_use_builder":"on","_et_pb_old_content":"","_et_gb_content_width":"","footnotes":""},"class_list":["post-72","page","type-page","status-publish","hentry"],"yoast_head":"<!-- This site is optimized with the Yoast SEO plugin v27.4 - https:\/\/yoast.com\/product\/yoast-seo-wordpress\/ -->\n<title>Labo argentique - Le R\u00e9verb\u00e8re<\/title>\n<meta name=\"robots\" content=\"index, follow, max-snippet:-1, max-image-preview:large, max-video-preview:-1\" \/>\n<link rel=\"canonical\" href=\"https:\/\/lereverbere.net\/index.php\/labo-argentique\/\" \/>\n<meta property=\"og:locale\" content=\"fr_FR\" \/>\n<meta property=\"og:type\" content=\"article\" \/>\n<meta property=\"og:title\" content=\"Labo argentique - Le R\u00e9verb\u00e8re\" \/>\n<meta property=\"og:description\" content=\"Labo ArgentiqueVous avez envie de d\u00e9couvrir ou red\u00e9couvrir la photographie argentique ailleurs que dans votre salle de bain...? \u00eatre \u00e0 nouveau \u00e9merveill\u00e9 par le grain de la pellicule et la r\u00e9v\u00e9lation de l&#039;image latente?\u00a0Nous vous proposons un laboratoire argentique \u00e9quip\u00e9, o\u00f9 vous pourrez venir d\u00e9velopper vos films et r\u00e9aliser vos tirages papier noir et blanc [&hellip;]\" \/>\n<meta property=\"og:url\" content=\"https:\/\/lereverbere.net\/index.php\/labo-argentique\/\" \/>\n<meta property=\"og:site_name\" content=\"Le R\u00e9verb\u00e8re\" \/>\n<meta property=\"article:modified_time\" content=\"2025-03-30T15:41:44+00:00\" \/>\n<meta name=\"twitter:card\" content=\"summary_large_image\" \/>\n<meta name=\"twitter:label1\" content=\"Dur\u00e9e de lecture estim\u00e9e\" \/>\n\t<meta name=\"twitter:data1\" content=\"3 minutes\" \/>\n<script type=\"application\/ld+json\" class=\"yoast-schema-graph\">{\"@context\":\"https:\\\/\\\/schema.org\",\"@graph\":[{\"@type\":\"WebPage\",\"@id\":\"https:\\\/\\\/lereverbere.net\\\/index.php\\\/labo-argentique\\\/\",\"url\":\"https:\\\/\\\/lereverbere.net\\\/index.php\\\/labo-argentique\\\/\",\"name\":\"Labo argentique - Le R\u00e9verb\u00e8re\",\"isPartOf\":{\"@id\":\"https:\\\/\\\/lereverbere.net\\\/#website\"},\"datePublished\":\"2018-09-25T09:27:15+00:00\",\"dateModified\":\"2025-03-30T15:41:44+00:00\",\"breadcrumb\":{\"@id\":\"https:\\\/\\\/lereverbere.net\\\/index.php\\\/labo-argentique\\\/#breadcrumb\"},\"inLanguage\":\"fr-FR\",\"potentialAction\":[{\"@type\":\"ReadAction\",\"target\":[\"https:\\\/\\\/lereverbere.net\\\/index.php\\\/labo-argentique\\\/\"]}]},{\"@type\":\"BreadcrumbList\",\"@id\":\"https:\\\/\\\/lereverbere.net\\\/index.php\\\/labo-argentique\\\/#breadcrumb\",\"itemListElement\":[{\"@type\":\"ListItem\",\"position\":1,\"name\":\"Accueil\",\"item\":\"https:\\\/\\\/lereverbere.net\\\/\"},{\"@type\":\"ListItem\",\"position\":2,\"name\":\"Labo argentique\"}]},{\"@type\":\"WebSite\",\"@id\":\"https:\\\/\\\/lereverbere.net\\\/#website\",\"url\":\"https:\\\/\\\/lereverbere.net\\\/\",\"name\":\"Le R\u00e9verb\u00e8re\",\"description\":\"Espace de convergence et d&#039;\u00e9mulation photographique\",\"potentialAction\":[{\"@type\":\"SearchAction\",\"target\":{\"@type\":\"EntryPoint\",\"urlTemplate\":\"https:\\\/\\\/lereverbere.net\\\/?s={search_term_string}\"},\"query-input\":{\"@type\":\"PropertyValueSpecification\",\"valueRequired\":true,\"valueName\":\"search_term_string\"}}],\"inLanguage\":\"fr-FR\"}]}<\/script>\n<!-- \/ Yoast SEO plugin. -->","yoast_head_json":{"title":"Labo argentique - Le R\u00e9verb\u00e8re","robots":{"index":"index","follow":"follow","max-snippet":"max-snippet:-1","max-image-preview":"max-image-preview:large","max-video-preview":"max-video-preview:-1"},"canonical":"https:\/\/lereverbere.net\/index.php\/labo-argentique\/","og_locale":"fr_FR","og_type":"article","og_title":"Labo argentique - Le R\u00e9verb\u00e8re","og_description":"Labo ArgentiqueVous avez envie de d\u00e9couvrir ou red\u00e9couvrir la photographie argentique ailleurs que dans votre salle de bain...? \u00eatre \u00e0 nouveau \u00e9merveill\u00e9 par le grain de la pellicule et la r\u00e9v\u00e9lation de l'image latente?\u00a0Nous vous proposons un laboratoire argentique \u00e9quip\u00e9, o\u00f9 vous pourrez venir d\u00e9velopper vos films et r\u00e9aliser vos tirages papier noir et blanc [&hellip;]","og_url":"https:\/\/lereverbere.net\/index.php\/labo-argentique\/","og_site_name":"Le R\u00e9verb\u00e8re","article_modified_time":"2025-03-30T15:41:44+00:00","twitter_card":"summary_large_image","twitter_misc":{"Dur\u00e9e de lecture estim\u00e9e":"3 minutes"},"schema":{"@context":"https:\/\/schema.org","@graph":[{"@type":"WebPage","@id":"https:\/\/lereverbere.net\/index.php\/labo-argentique\/","url":"https:\/\/lereverbere.net\/index.php\/labo-argentique\/","name":"Labo argentique - Le R\u00e9verb\u00e8re","isPartOf":{"@id":"https:\/\/lereverbere.net\/#website"},"datePublished":"2018-09-25T09:27:15+00:00","dateModified":"2025-03-30T15:41:44+00:00","breadcrumb":{"@id":"https:\/\/lereverbere.net\/index.php\/labo-argentique\/#breadcrumb"},"inLanguage":"fr-FR","potentialAction":[{"@type":"ReadAction","target":["https:\/\/lereverbere.net\/index.php\/labo-argentique\/"]}]},{"@type":"BreadcrumbList","@id":"https:\/\/lereverbere.net\/index.php\/labo-argentique\/#breadcrumb","itemListElement":[{"@type":"ListItem","position":1,"name":"Accueil","item":"https:\/\/lereverbere.net\/"},{"@type":"ListItem","position":2,"name":"Labo argentique"}]},{"@type":"WebSite","@id":"https:\/\/lereverbere.net\/#website","url":"https:\/\/lereverbere.net\/","name":"Le R\u00e9verb\u00e8re","description":"Espace de convergence et d&#039;\u00e9mulation photographique","potentialAction":[{"@type":"SearchAction","target":{"@type":"EntryPoint","urlTemplate":"https:\/\/lereverbere.net\/?s={search_term_string}"},"query-input":{"@type":"PropertyValueSpecification","valueRequired":true,"valueName":"search_term_string"}}],"inLanguage":"fr-FR"}]}},"_links":{"self":[{"href":"https:\/\/lereverbere.net\/index.php\/wp-json\/wp\/v2\/pages\/72","targetHints":{"allow":["GET"]}}],"collection":[{"href":"https:\/\/lereverbere.net\/index.php\/wp-json\/wp\/v2\/pages"}],"about":[{"href":"https:\/\/lereverbere.net\/index.php\/wp-json\/wp\/v2\/types\/page"}],"author":[{"embeddable":true,"href":"https:\/\/lereverbere.net\/index.php\/wp-json\/wp\/v2\/users\/1"}],"replies":[{"embeddable":true,"href":"https:\/\/lereverbere.net\/index.php\/wp-json\/wp\/v2\/comments?post=72"}],"version-history":[{"count":32,"href":"https:\/\/lereverbere.net\/index.php\/wp-json\/wp\/v2\/pages\/72\/revisions"}],"predecessor-version":[{"id":1946,"href":"https:\/\/lereverbere.net\/index.php\/wp-json\/wp\/v2\/pages\/72\/revisions\/1946"}],"wp:attachment":[{"href":"https:\/\/lereverbere.net\/index.php\/wp-json\/wp\/v2\/media?parent=72"}],"curies":[{"name":"wp","href":"https:\/\/api.w.org\/{rel}","templated":true}]}}