{"id":81,"date":"2018-09-25T11:32:36","date_gmt":"2018-09-25T09:32:36","guid":{"rendered":"http:\/\/lereverbere.net\/?page_id=81"},"modified":"2021-12-09T18:56:08","modified_gmt":"2021-12-09T17:56:08","slug":"workshop","status":"publish","type":"page","link":"https:\/\/lereverbere.net\/index.php\/workshop\/","title":{"rendered":"Workshop"},"content":{"rendered":"<p>[et_pb_section fb_built=\u00a0\u00bb1&Prime; admin_label=\u00a0\u00bbFeature Section\u00a0\u00bb _builder_version=\u00a0\u00bb3.22.3&Prime; custom_padding=\u00a0\u00bb120px||98px||false|false\u00a0\u00bb][et_pb_row _builder_version=\u00a0\u00bb3.25&Prime;][et_pb_column type=\u00a0\u00bb4_4&Prime; _builder_version=\u00a0\u00bb3.25&Prime; custom_padding=\u00a0\u00bb|||\u00a0\u00bb custom_padding__hover=\u00a0\u00bb|||\u00a0\u00bb][et_pb_text admin_label=\u00a0\u00bbTitle\u00a0\u00bb _builder_version=\u00a0\u00bb3.27.4&Prime; text_font=\u00a0\u00bbRaleway||||||||\u00a0\u00bb text_text_color=\u00a0\u00bb#000000&Prime; ul_font=\u00a0\u00bb||||||||\u00a0\u00bb header_font=\u00a0\u00bbRaleway||||||||\u00a0\u00bb header_text_align=\u00a0\u00bbleft\u00a0\u00bb header_text_color=\u00a0\u00bb#000000&Prime; header_font_size=\u00a0\u00bb35px\u00a0\u00bb header_line_height=\u00a0\u00bb1.2em\u00a0\u00bb header_2_font=\u00a0\u00bbQuattrocento||||||||\u00a0\u00bb header_2_font_size=\u00a0\u00bb60px\u00a0\u00bb header_2_line_height=\u00a0\u00bb1.3em\u00a0\u00bb custom_margin=\u00a0\u00bb||10px|\u00a0\u00bb animation_style=\u00a0\u00bbfade\u00a0\u00bb animation_direction=\u00a0\u00bbleft\u00a0\u00bb animation_starting_opacity=\u00a0\u00bb100%\u00a0\u00bb header_2_font_size_tablet=\u00a0\u00bb40px\u00a0\u00bb header_2_font_size_phone=\u00a0\u00bb\u00a0\u00bb header_2_font_size_last_edited=\u00a0\u00bbon|desktop\u00a0\u00bb]<\/p>\n<h1>Les Workshops<\/h1>\n<p>[\/et_pb_text][et_pb_text admin_label=\u00a0\u00bbSubtitle\u00a0\u00bb _builder_version=\u00a0\u00bb3.27.4&Prime; text_font=\u00a0\u00bbRaleway||||||||\u00a0\u00bb text_text_color=\u00a0\u00bb#8e8e8d\u00a0\u00bb text_font_size=\u00a0\u00bb18px\u00a0\u00bb text_line_height=\u00a0\u00bb2.2em\u00a0\u00bb header_font=\u00a0\u00bbRaleway||||||||\u00a0\u00bb header_text_color=\u00a0\u00bb#8e8e8d\u00a0\u00bb header_2_font=\u00a0\u00bb||||||||\u00a0\u00bb text_orientation=\u00a0\u00bbcenter\u00a0\u00bb max_width=\u00a0\u00bb700px\u00a0\u00bb module_alignment=\u00a0\u00bbleft\u00a0\u00bb animation_style=\u00a0\u00bbfade\u00a0\u00bb animation_direction=\u00a0\u00bbleft\u00a0\u00bb animation_starting_opacity=\u00a0\u00bb100%\u00a0\u00bb]<\/p>\n<p style=\"text-align: justify;\">Ateliers ponctuels, les workshops offrent des espaces et des temps de travail privil\u00e9gi\u00e9s avec des personnes ext\u00e9rieures invit\u00e9es. Chaque workshop se d\u00e9veloppe sur une p\u00e9riode variant d&rsquo;une journ\u00e9e \u00e0 une semaine, en une ou plusieurs sessions annuelles et collectives. Ils sont destin\u00e9s \u00e0 un public adulte, photographes ou artistes, amateurs ou professionnels, simples curieux de l&rsquo;image, et aborderont des th\u00e9matiques vari\u00e9es autour de la photographie.<\/p>\n<p>[\/et_pb_text][\/et_pb_column][\/et_pb_row][et_pb_row column_structure=\u00a0\u00bb3_5,2_5&Prime; use_custom_gutter=\u00a0\u00bbon\u00a0\u00bb _builder_version=\u00a0\u00bb3.25&Prime; max_width=\u00a0\u00bb1440px\u00a0\u00bb custom_margin=\u00a0\u00bb20px|auto|-65px|auto||\u00a0\u00bb custom_padding=\u00a0\u00bb40px|41px|0px|38px|false|false\u00a0\u00bb use_custom_width=\u00a0\u00bbon\u00a0\u00bb custom_width_px=\u00a0\u00bb1440px\u00a0\u00bb][et_pb_column type=\u00a0\u00bb3_5&Prime; _builder_version=\u00a0\u00bb3.25&Prime; custom_padding=\u00a0\u00bb|||\u00a0\u00bb custom_padding__hover=\u00a0\u00bb|||\u00a0\u00bb][et_pb_blurb title=\u00a0\u00bbProgramme et tarifs\u00a0\u00bb image=\u00a0\u00bbhttps:\/\/lereverbere.net\/wp-content\/uploads\/2018\/10\/triangles_WEB.png\u00a0\u00bb icon_placement=\u00a0\u00bbleft\u00a0\u00bb _builder_version=\u00a0\u00bb3.25.3&Prime; header_font=\u00a0\u00bbRaleway||||||||\u00a0\u00bb header_font_size=\u00a0\u00bb24px\u00a0\u00bb header_line_height=\u00a0\u00bb1.3em\u00a0\u00bb body_font=\u00a0\u00bbRaleway||||||||\u00a0\u00bb body_font_size=\u00a0\u00bb16px\u00a0\u00bb body_line_height=\u00a0\u00bb1.8em\u00a0\u00bb custom_padding=\u00a0\u00bb||30px|||\u00a0\u00bb locked=\u00a0\u00bboff\u00a0\u00bb]<\/p>\n<p><span style=\"font-size: 16px;\"><\/span><\/p>\n<p>&nbsp;<\/p>\n<p><span style=\"font-size: 16px;\">Renseignements et inscriptions par mail\u00a0<\/span><span style=\"color: #000000; font-size: 16px;\"><a href=\"mailto:contact@lereverbere.net\" style=\"color: #000000;\">contact@lereverbere.net<\/a><\/span><span style=\"font-size: 16px;\"> ou par t\u00e9l\u00e9phone <span style=\"color: #000000;\">06.12.04.72.51<\/span><\/span><\/p>\n<p><span style=\"font-size: 16px;\">Attention, ce sont des Workshop \u00e0 places limit\u00e9es!<\/span><\/p>\n<p><span style=\"font-size: 16px;\"><\/span><\/p>\n<p>&nbsp;<\/p>\n<p>&nbsp;<\/p>\n<p>&nbsp;<\/p>\n<p>[\/et_pb_blurb][\/et_pb_column][et_pb_column type=\u00a0\u00bb2_5&Prime; _builder_version=\u00a0\u00bb3.25&Prime; custom_padding=\u00a0\u00bb|||\u00a0\u00bb custom_padding__hover=\u00a0\u00bb|||\u00a0\u00bb][\/et_pb_column][\/et_pb_row][et_pb_row column_structure=\u00a0\u00bb1_2,1_2&Prime; _builder_version=\u00a0\u00bb3.25.3&Prime; custom_padding=\u00a0\u00bb|73px||||\u00a0\u00bb][et_pb_column type=\u00a0\u00bb1_2&Prime; _builder_version=\u00a0\u00bb3.25.3&Prime;][et_pb_image src=\u00a0\u00bbhttps:\/\/lereverbere.net\/wp-content\/uploads\/2019\/09\/1.jpg\u00a0\u00bb _builder_version=\u00a0\u00bb3.25.3&Prime;][\/et_pb_image][et_pb_accordion _builder_version=\u00a0\u00bb3.25.3&Prime; toggle_font=\u00a0\u00bbRaleway||||||||\u00a0\u00bb closed_toggle_font=\u00a0\u00bbRaleway||||||||\u00a0\u00bb body_font=\u00a0\u00bbRaleway||||||||\u00a0\u00bb][et_pb_accordion_item title=\u00a0\u00bbLe collodion humide\u00a0\u00bb _builder_version=\u00a0\u00bb3.25.3&Prime; toggle_font=\u00a0\u00bbRaleway|700|||||||\u00a0\u00bb open=\u00a0\u00bbon\u00a0\u00bb]<\/p>\n<p><span><b>Initiation au collodion humide sur les pas des pionniers de la photographie.<\/b><\/span><\/p>\n<p><span><\/span><\/p>\n<p><span><span class=\"Apple-tab-span\"> <\/span>Attribu\u00e9e tant\u00f4t \u00e0 l\u2019anglais Frederick Scott Archer, tant\u00f4t au fran\u00e7ais Gustave Le Gray dans les ann\u00e9es 1850, la d\u00e9couverte du Collodion humide fut une invention majeure dans l\u2019histoire de la photographie. Comme toutes les techniques anciennes elle permet au photographe de ma\u00eetriser de bout en bout le processus. Ce workshop vous permettra de d\u00e9mystifier le processus et de partir sur de bonnes bases dans vos futures exp\u00e9rimentations.<\/span><\/p>\n<p>[\/et_pb_accordion_item][et_pb_accordion_item title=\u00a0\u00bbJulien F\u00e9lix\u00a0\u00bb _builder_version=\u00a0\u00bb3.25.3&Prime; open=\u00a0\u00bboff\u00a0\u00bb]<\/p>\n<p>Julien F\u00e9lix est un de ces photographes que l\u2019on soup\u00e7onnerait d\u2019un autre \u00e2ge ou d\u2019une toute autre \u00e9ternit\u00e9. De ces artistes solitaires, contemplatifs, parfaitement \u00e0 leur place face aux immensit\u00e9s naturelles qui vous feraient parfois perdre l\u2019esprit.\u00a0Photographe solaire, non pas pour son rayonnement mais plut\u00f4t pour sa\u00a0position, son isolement, sa solitude, sa libert\u00e9, sa qui\u00e9tude volontaire, l\u2019artiste nous parle\u00a0aussi des Vosges, haut lieu de magie naturelle et concr\u00e8te. Dans les for\u00eats mill\u00e9naires, aux\u00a0pieds de ces arbres gigantesques qui nous rappellent aux divinit\u00e9s ou plut\u00f4t aux\u00a0croyances pa\u00efennes et animistes, Julien F\u00e9lix\u00a0s\u2019installe durant de longues heures, pour\u00a0observer, ressentir, retenir et parfois nous offrir quelques secondes fig\u00e9es d\u2019une r\u00e9alit\u00e9\u00a0contemporaine qui r\u00e9ussi pourtant le tour de force de nous d\u00e9router face au temps, face\u00a0\u00e0 l\u2019existence. Julien en plus d\u2019\u00eatre un photographe, un artiste complexe et contemplatif\u00a0face \u00e0 ces for\u00eats vosgiennes qui lui sont \u00e0 la fois intimes et sources d\u2019inspirations, est un\u00a0aventurier discret \u2026<\/p>\n<p>JULIAN BARELLI<\/p>\n<p>&nbsp;<\/p>\n<p>Dipl\u00f4m\u00e9 de l\u2019\u00e9cole des beaux arts d\u2019Epinal, pratiquant la photographie depuis quinze ans et plus sp\u00e9cialement les techniques photographiques dites \u00ab\u00a0alternatives\u00a0\u00bb, telles que le st\u00e9nop\u00e9 ou autre toy camera.\u00a0Son travail au collodion humide au cours des derni\u00e8res ann\u00e9es est une extension naturelle de ses int\u00e9r\u00eats.<\/p>\n<p>[\/et_pb_accordion_item][et_pb_accordion_item title=\u00a0\u00bbProgramme p\u00e9dagogique\u00a0\u00bb _builder_version=\u00a0\u00bb3.25.3&Prime; open=\u00a0\u00bboff\u00a0\u00bb]<\/p>\n<p><span style=\"text-decoration: underline;\"><em>Le matin de 9h \u00e0 12h:<\/em><\/span><\/p>\n<p>&#8211; Th\u00e9orie technique<\/p>\n<p>&#8211; R\u00e8gles de s\u00e9curit\u00e9<\/p>\n<p>&#8211; Pr\u00e9sentation du mat\u00e9riel<\/p>\n<p>&#8211; D\u00e9monstration\u00a0<\/p>\n<p><span style=\"text-decoration: underline;\"><em>L\u2019apr\u00e8s-midi de 13h \u00e0 17h:<\/em><\/span><\/p>\n<p>&#8211; Prise en main du mat\u00e9riel<\/p>\n<p>&#8211; Prises de vues, laboratoire<\/p>\n<p>&#8211; Conserver les \u00e9preuves obtenues (vernis\u2026).<\/p>\n<p>[\/et_pb_accordion_item][et_pb_accordion_item title=\u00a0\u00bbTarifs\u00a0\u00bb open=\u00a0\u00bboff\u00a0\u00bb _builder_version=\u00a0\u00bb3.25.3&Prime;]<\/p>\n<p>250\u20ac par participant<\/p>\n<p>5 participants maximum<\/p>\n<p>[\/et_pb_accordion_item][\/et_pb_accordion][\/et_pb_column][et_pb_column type=\u00a0\u00bb1_2&Prime; _builder_version=\u00a0\u00bb3.25.3&Prime;][et_pb_image src=\u00a0\u00bbhttps:\/\/lereverbere.net\/wp-content\/uploads\/2020\/09\/lila.jpg\u00a0\u00bb _builder_version=\u00a0\u00bb3.25.3&Prime;][\/et_pb_image][et_pb_accordion _builder_version=\u00a0\u00bb3.25.3&Prime; toggle_font=\u00a0\u00bbRaleway||||||||\u00a0\u00bb closed_toggle_font=\u00a0\u00bbRaleway||||||||\u00a0\u00bb body_font=\u00a0\u00bbRaleway||||||||\u00a0\u00bb][et_pb_accordion_item title=\u00a0\u00bbLe kallitype\u00a0\u00bb _builder_version=\u00a0\u00bb3.25.3&Prime; toggle_font=\u00a0\u00bbRaleway|700|||||||\u00a0\u00bb open=\u00a0\u00bbon\u00a0\u00bb]<\/p>\n<p><span>\u00a0<\/span><\/p>\n<p><span><\/span><span><span class=\"Apple-tab-span\"><\/span>Le kallitype est un proc\u00e9d\u00e9 d&rsquo;impression invent\u00e9 par le Dr WJ Nichol en 1889. Les chimies du tirage kallitype et du platine\/palladium sont presque les m\u00eames. Le kallitype utilisant des sels d&rsquo;argents en lieu et place de sels de platine et de palladium. Ce qui le rend beaucoup moins on\u00e9reux sans pour autant \u00eatre moins qualitatif que ce soit dans les nuances ou dans la conservation des \u00e9preuves.<br \/><\/span><\/p>\n<p>[\/et_pb_accordion_item][et_pb_accordion_item title=\u00a0\u00bbJulien F\u00e9lix\u00a0\u00bb _builder_version=\u00a0\u00bb3.25.3&Prime; open=\u00a0\u00bboff\u00a0\u00bb]<\/p>\n<p>Julien F\u00e9lix est un de ces photographes que l\u2019on soup\u00e7onnerait d\u2019un autre \u00e2ge ou d\u2019une toute autre \u00e9ternit\u00e9. De ces artistes solitaires, contemplatifs, parfaitement \u00e0 leur place face aux immensit\u00e9s naturelles qui vous feraient parfois perdre l\u2019esprit.\u00a0Photographe solaire, non pas pour son rayonnement mais plut\u00f4t pour sa\u00a0position, son isolement, sa solitude, sa libert\u00e9, sa qui\u00e9tude volontaire, l\u2019artiste nous parle\u00a0aussi des Vosges, haut lieu de magie naturelle et concr\u00e8te. Dans les for\u00eats mill\u00e9naires, aux\u00a0pieds de ces arbres gigantesques qui nous rappellent aux divinit\u00e9s ou plut\u00f4t aux\u00a0croyances pa\u00efennes et animistes, Julien F\u00e9lix\u00a0s\u2019installe durant de longues heures, pour\u00a0observer, ressentir, retenir et parfois nous offrir quelques secondes fig\u00e9es d\u2019une r\u00e9alit\u00e9\u00a0contemporaine qui r\u00e9ussi pourtant le tour de force de nous d\u00e9router face au temps, face\u00a0\u00e0 l\u2019existence. Julien en plus d\u2019\u00eatre un photographe, un artiste complexe et contemplatif\u00a0face \u00e0 ces for\u00eats vosgiennes qui lui sont \u00e0 la fois intimes et sources d\u2019inspirations, est un\u00a0aventurier discret \u2026<\/p>\n<p>JULIAN BARELLI<\/p>\n<p>&nbsp;<\/p>\n<p>Dipl\u00f4m\u00e9 de l\u2019\u00e9cole des beaux arts d\u2019Epinal, pratiquant la photographie depuis quinze ans et plus sp\u00e9cialement les techniques photographiques dites \u00ab\u00a0alternatives\u00a0\u00bb, telles que le st\u00e9nop\u00e9 ou autre toy camera.\u00a0Son travail au collodion humide au cours des derni\u00e8res ann\u00e9es est une extension naturelle de ses int\u00e9r\u00eats.<\/p>\n<p>[\/et_pb_accordion_item][et_pb_accordion_item title=\u00a0\u00bbProgramme p\u00e9dagogique\u00a0\u00bb _builder_version=\u00a0\u00bb3.25.3&Prime; open=\u00a0\u00bboff\u00a0\u00bb]<\/p>\n<p><span style=\"text-decoration: underline;\"><em>Le matin de 9h \u00e0 12h:<\/em><\/span><\/p>\n<p>&#8211; Th\u00e9orie technique<\/p>\n<p>&#8211; R\u00e8gles de s\u00e9curit\u00e9<\/p>\n<p>&#8211; Pr\u00e9sentation du mat\u00e9riel<\/p>\n<p>&#8211; Pr\u00e9paration des chimies<\/p>\n<p>&#8211; D\u00e9monstration\u00a0<\/p>\n<p><span style=\"text-decoration: underline;\"><em>L\u2019apr\u00e8s-midi de 13h \u00e0 17h:<\/em><\/span><\/p>\n<p>&#8211; Tirages d&rsquo;\u00e9preuves<br \/>&#8211; Conserver les \u00e9preuves<\/p>\n<p>&nbsp;<\/p>\n<p><em>-&gt; Aucun pr\u00e9requis en mati\u00e8re de photographie \u00ab argentique \u00bb n&rsquo;est n\u00e9cessaire.<\/em><\/p>\n<p><em>-&gt; Celles et ceux qui ont d\u00e9j\u00e0 des n\u00e9gatifs grands formats peuvent les apporter.<br \/><\/em><\/p>\n<p><em>-&gt; Les participants qui n&rsquo;ont pas de n\u00e9gatifs grands formats pourront, avant le workshop, fournir 2 photos au R\u00e9verb\u00e8re afin de r\u00e9aliser des n\u00e9gatifs qui seront tir\u00e9s durant la journ\u00e9e. Ils seront \u00e0 r\u00e9gler s\u00e9par\u00e9ment au R\u00e9verb\u00e8re suivant les tarifs indiqu\u00e9s ci-dessous.<br \/><\/em><\/p>\n<p>[\/et_pb_accordion_item][et_pb_accordion_item title=\u00a0\u00bbTarifs\u00a0\u00bb open=\u00a0\u00bboff\u00a0\u00bb _builder_version=\u00a0\u00bb3.25.3&Prime;]<\/p>\n<p>250\u20ac par participant<\/p>\n<p><em>Suppl\u00e9ment n\u00e9gatifs num\u00e9riques: format 10x15cm\/7\u20ac &#8211; format 15x20cm\/9\u20ac- format 20x30cm\/12\u20ac<\/em><\/p>\n<p>\u00a06 participants maximum<\/p>\n<p>D\u00e9jeuner tir\u00e9 du sac<\/p>\n<p>[\/et_pb_accordion_item][\/et_pb_accordion][\/et_pb_column][\/et_pb_row][\/et_pb_section]<\/p>\n","protected":false},"excerpt":{"rendered":"<p>Les WorkshopsAteliers ponctuels, les workshops offrent des espaces et des temps de travail privil\u00e9gi\u00e9s avec des personnes ext\u00e9rieures invit\u00e9es. Chaque workshop se d\u00e9veloppe sur une p\u00e9riode variant d&rsquo;une journ\u00e9e \u00e0 une semaine, en une ou plusieurs sessions annuelles et collectives. Ils sont destin\u00e9s \u00e0 un public adulte, photographes ou artistes, amateurs ou professionnels, simples curieux [&hellip;]<\/p>\n","protected":false},"author":1,"featured_media":0,"parent":0,"menu_order":0,"comment_status":"closed","ping_status":"closed","template":"","meta":{"_et_pb_use_builder":"on","_et_pb_old_content":"","_et_gb_content_width":"","footnotes":""},"class_list":["post-81","page","type-page","status-publish","hentry"],"yoast_head":"<!-- This site is optimized with the Yoast SEO plugin v27.4 - https:\/\/yoast.com\/product\/yoast-seo-wordpress\/ -->\n<title>Workshop - Le R\u00e9verb\u00e8re<\/title>\n<meta name=\"robots\" content=\"index, follow, max-snippet:-1, max-image-preview:large, max-video-preview:-1\" \/>\n<link rel=\"canonical\" href=\"https:\/\/lereverbere.net\/index.php\/workshop\/\" \/>\n<meta property=\"og:locale\" content=\"fr_FR\" \/>\n<meta property=\"og:type\" content=\"article\" \/>\n<meta property=\"og:title\" content=\"Workshop - Le R\u00e9verb\u00e8re\" \/>\n<meta property=\"og:description\" content=\"Les WorkshopsAteliers ponctuels, les workshops offrent des espaces et des temps de travail privil\u00e9gi\u00e9s avec des personnes ext\u00e9rieures invit\u00e9es. Chaque workshop se d\u00e9veloppe sur une p\u00e9riode variant d&#039;une journ\u00e9e \u00e0 une semaine, en une ou plusieurs sessions annuelles et collectives. Ils sont destin\u00e9s \u00e0 un public adulte, photographes ou artistes, amateurs ou professionnels, simples curieux [&hellip;]\" \/>\n<meta property=\"og:url\" content=\"https:\/\/lereverbere.net\/index.php\/workshop\/\" \/>\n<meta property=\"og:site_name\" content=\"Le R\u00e9verb\u00e8re\" \/>\n<meta property=\"article:modified_time\" content=\"2021-12-09T17:56:08+00:00\" \/>\n<meta name=\"twitter:card\" content=\"summary_large_image\" \/>\n<meta name=\"twitter:label1\" content=\"Dur\u00e9e de lecture estim\u00e9e\" \/>\n\t<meta name=\"twitter:data1\" content=\"7 minutes\" \/>\n<script type=\"application\/ld+json\" class=\"yoast-schema-graph\">{\"@context\":\"https:\\\/\\\/schema.org\",\"@graph\":[{\"@type\":\"WebPage\",\"@id\":\"https:\\\/\\\/lereverbere.net\\\/index.php\\\/workshop\\\/\",\"url\":\"https:\\\/\\\/lereverbere.net\\\/index.php\\\/workshop\\\/\",\"name\":\"Workshop - Le R\u00e9verb\u00e8re\",\"isPartOf\":{\"@id\":\"https:\\\/\\\/lereverbere.net\\\/#website\"},\"datePublished\":\"2018-09-25T09:32:36+00:00\",\"dateModified\":\"2021-12-09T17:56:08+00:00\",\"breadcrumb\":{\"@id\":\"https:\\\/\\\/lereverbere.net\\\/index.php\\\/workshop\\\/#breadcrumb\"},\"inLanguage\":\"fr-FR\",\"potentialAction\":[{\"@type\":\"ReadAction\",\"target\":[\"https:\\\/\\\/lereverbere.net\\\/index.php\\\/workshop\\\/\"]}]},{\"@type\":\"BreadcrumbList\",\"@id\":\"https:\\\/\\\/lereverbere.net\\\/index.php\\\/workshop\\\/#breadcrumb\",\"itemListElement\":[{\"@type\":\"ListItem\",\"position\":1,\"name\":\"Accueil\",\"item\":\"https:\\\/\\\/lereverbere.net\\\/\"},{\"@type\":\"ListItem\",\"position\":2,\"name\":\"Workshop\"}]},{\"@type\":\"WebSite\",\"@id\":\"https:\\\/\\\/lereverbere.net\\\/#website\",\"url\":\"https:\\\/\\\/lereverbere.net\\\/\",\"name\":\"Le R\u00e9verb\u00e8re\",\"description\":\"Espace de convergence et d&#039;\u00e9mulation photographique\",\"potentialAction\":[{\"@type\":\"SearchAction\",\"target\":{\"@type\":\"EntryPoint\",\"urlTemplate\":\"https:\\\/\\\/lereverbere.net\\\/?s={search_term_string}\"},\"query-input\":{\"@type\":\"PropertyValueSpecification\",\"valueRequired\":true,\"valueName\":\"search_term_string\"}}],\"inLanguage\":\"fr-FR\"}]}<\/script>\n<!-- \/ Yoast SEO plugin. -->","yoast_head_json":{"title":"Workshop - Le R\u00e9verb\u00e8re","robots":{"index":"index","follow":"follow","max-snippet":"max-snippet:-1","max-image-preview":"max-image-preview:large","max-video-preview":"max-video-preview:-1"},"canonical":"https:\/\/lereverbere.net\/index.php\/workshop\/","og_locale":"fr_FR","og_type":"article","og_title":"Workshop - Le R\u00e9verb\u00e8re","og_description":"Les WorkshopsAteliers ponctuels, les workshops offrent des espaces et des temps de travail privil\u00e9gi\u00e9s avec des personnes ext\u00e9rieures invit\u00e9es. Chaque workshop se d\u00e9veloppe sur une p\u00e9riode variant d'une journ\u00e9e \u00e0 une semaine, en une ou plusieurs sessions annuelles et collectives. Ils sont destin\u00e9s \u00e0 un public adulte, photographes ou artistes, amateurs ou professionnels, simples curieux [&hellip;]","og_url":"https:\/\/lereverbere.net\/index.php\/workshop\/","og_site_name":"Le R\u00e9verb\u00e8re","article_modified_time":"2021-12-09T17:56:08+00:00","twitter_card":"summary_large_image","twitter_misc":{"Dur\u00e9e de lecture estim\u00e9e":"7 minutes"},"schema":{"@context":"https:\/\/schema.org","@graph":[{"@type":"WebPage","@id":"https:\/\/lereverbere.net\/index.php\/workshop\/","url":"https:\/\/lereverbere.net\/index.php\/workshop\/","name":"Workshop - Le R\u00e9verb\u00e8re","isPartOf":{"@id":"https:\/\/lereverbere.net\/#website"},"datePublished":"2018-09-25T09:32:36+00:00","dateModified":"2021-12-09T17:56:08+00:00","breadcrumb":{"@id":"https:\/\/lereverbere.net\/index.php\/workshop\/#breadcrumb"},"inLanguage":"fr-FR","potentialAction":[{"@type":"ReadAction","target":["https:\/\/lereverbere.net\/index.php\/workshop\/"]}]},{"@type":"BreadcrumbList","@id":"https:\/\/lereverbere.net\/index.php\/workshop\/#breadcrumb","itemListElement":[{"@type":"ListItem","position":1,"name":"Accueil","item":"https:\/\/lereverbere.net\/"},{"@type":"ListItem","position":2,"name":"Workshop"}]},{"@type":"WebSite","@id":"https:\/\/lereverbere.net\/#website","url":"https:\/\/lereverbere.net\/","name":"Le R\u00e9verb\u00e8re","description":"Espace de convergence et d&#039;\u00e9mulation photographique","potentialAction":[{"@type":"SearchAction","target":{"@type":"EntryPoint","urlTemplate":"https:\/\/lereverbere.net\/?s={search_term_string}"},"query-input":{"@type":"PropertyValueSpecification","valueRequired":true,"valueName":"search_term_string"}}],"inLanguage":"fr-FR"}]}},"_links":{"self":[{"href":"https:\/\/lereverbere.net\/index.php\/wp-json\/wp\/v2\/pages\/81","targetHints":{"allow":["GET"]}}],"collection":[{"href":"https:\/\/lereverbere.net\/index.php\/wp-json\/wp\/v2\/pages"}],"about":[{"href":"https:\/\/lereverbere.net\/index.php\/wp-json\/wp\/v2\/types\/page"}],"author":[{"embeddable":true,"href":"https:\/\/lereverbere.net\/index.php\/wp-json\/wp\/v2\/users\/1"}],"replies":[{"embeddable":true,"href":"https:\/\/lereverbere.net\/index.php\/wp-json\/wp\/v2\/comments?post=81"}],"version-history":[{"count":54,"href":"https:\/\/lereverbere.net\/index.php\/wp-json\/wp\/v2\/pages\/81\/revisions"}],"predecessor-version":[{"id":1848,"href":"https:\/\/lereverbere.net\/index.php\/wp-json\/wp\/v2\/pages\/81\/revisions\/1848"}],"wp:attachment":[{"href":"https:\/\/lereverbere.net\/index.php\/wp-json\/wp\/v2\/media?parent=81"}],"curies":[{"name":"wp","href":"https:\/\/api.w.org\/{rel}","templated":true}]}}