{"id":93,"date":"2018-09-25T11:35:56","date_gmt":"2018-09-25T09:35:56","guid":{"rendered":"http:\/\/lereverbere.net\/?page_id=93"},"modified":"2023-06-23T10:36:33","modified_gmt":"2023-06-23T08:36:33","slug":"prises-de-vues","status":"publish","type":"page","link":"https:\/\/lereverbere.net\/index.php\/prises-de-vues\/","title":{"rendered":"Prises de vues"},"content":{"rendered":"<p>[et_pb_section fb_built=\u00a0\u00bb1&Prime; admin_label=\u00a0\u00bbFeature Section\u00a0\u00bb _builder_version=\u00a0\u00bb4.16&Prime; custom_padding=\u00a0\u00bb120px||98px||false|false\u00a0\u00bb global_colors_info=\u00a0\u00bb{}\u00a0\u00bb][et_pb_row _builder_version=\u00a0\u00bb4.16&Prime; global_colors_info=\u00a0\u00bb{}\u00a0\u00bb column_structure=\u00a0\u00bb2_3,1_3&Prime;][et_pb_column type=\u00a0\u00bb2_3&Prime; _builder_version=\u00a0\u00bb4.16&Prime; custom_padding=\u00a0\u00bb|||\u00a0\u00bb global_colors_info=\u00a0\u00bb{}\u00a0\u00bb custom_padding__hover=\u00a0\u00bb|||\u00a0\u00bb][et_pb_text admin_label=\u00a0\u00bbTitle\u00a0\u00bb _builder_version=\u00a0\u00bb4.16&Prime; text_font=\u00a0\u00bbRaleway||||||||\u00a0\u00bb text_text_color=\u00a0\u00bb#000000&Prime; ul_font=\u00a0\u00bb||||||||\u00a0\u00bb header_font=\u00a0\u00bbRaleway||||||||\u00a0\u00bb header_text_align=\u00a0\u00bbleft\u00a0\u00bb header_text_color=\u00a0\u00bb#000000&Prime; header_font_size=\u00a0\u00bb35px\u00a0\u00bb header_line_height=\u00a0\u00bb1.2em\u00a0\u00bb header_2_font=\u00a0\u00bbQuattrocento||||||||\u00a0\u00bb header_2_font_size=\u00a0\u00bb60px\u00a0\u00bb header_2_line_height=\u00a0\u00bb1.3em\u00a0\u00bb custom_margin=\u00a0\u00bb||10px|\u00a0\u00bb animation_style=\u00a0\u00bbfade\u00a0\u00bb animation_direction=\u00a0\u00bbleft\u00a0\u00bb animation_starting_opacity=\u00a0\u00bb100%\u00a0\u00bb header_2_font_size_tablet=\u00a0\u00bb40px\u00a0\u00bb header_2_font_size_phone=\u00a0\u00bb\u00a0\u00bb header_2_font_size_last_edited=\u00a0\u00bbon|desktop\u00a0\u00bb global_colors_info=\u00a0\u00bb{}\u00a0\u00bb]<\/p>\n<h1>Prises de vues<\/h1>\n<p>[\/et_pb_text][et_pb_text _builder_version=\u00a0\u00bb4.21.0&Prime; text_font=\u00a0\u00bbRaleway||||||||\u00a0\u00bb text_font_size=\u00a0\u00bb18px\u00a0\u00bb hover_enabled=\u00a0\u00bb0&Prime; global_colors_info=\u00a0\u00bb{}\u00a0\u00bb sticky_enabled=\u00a0\u00bb0&Prime;]<\/p>\n<p>Page en cours de remaniement! \ud83d\ude09<\/p>\n<p>[\/et_pb_text][\/et_pb_column][et_pb_column type=\u00a0\u00bb1_3&Prime; _builder_version=\u00a0\u00bb4.16&Prime; custom_padding=\u00a0\u00bb|||\u00a0\u00bb global_colors_info=\u00a0\u00bb{}\u00a0\u00bb custom_padding__hover=\u00a0\u00bb|||\u00a0\u00bb][\/et_pb_column][\/et_pb_row][\/et_pb_section]<\/p>\n","protected":false},"excerpt":{"rendered":"<p>Prises de vuesPage en cours de remaniement! \ud83d\ude09<\/p>\n","protected":false},"author":1,"featured_media":0,"parent":0,"menu_order":0,"comment_status":"closed","ping_status":"closed","template":"","meta":{"_et_pb_use_builder":"on","_et_pb_old_content":"","_et_gb_content_width":"","footnotes":""},"class_list":["post-93","page","type-page","status-publish","hentry"],"yoast_head":"<!-- This site is optimized with the Yoast SEO plugin v27.4 - https:\/\/yoast.com\/product\/yoast-seo-wordpress\/ -->\n<title>Prises de vues - Le R\u00e9verb\u00e8re<\/title>\n<meta name=\"robots\" content=\"index, follow, max-snippet:-1, max-image-preview:large, max-video-preview:-1\" \/>\n<link rel=\"canonical\" href=\"https:\/\/lereverbere.net\/index.php\/prises-de-vues\/\" \/>\n<meta property=\"og:locale\" content=\"fr_FR\" \/>\n<meta property=\"og:type\" content=\"article\" \/>\n<meta property=\"og:title\" content=\"Prises de vues - Le R\u00e9verb\u00e8re\" \/>\n<meta property=\"og:description\" content=\"Prises de vuesPage en cours de remaniement! ;)\" \/>\n<meta property=\"og:url\" content=\"https:\/\/lereverbere.net\/index.php\/prises-de-vues\/\" \/>\n<meta property=\"og:site_name\" content=\"Le R\u00e9verb\u00e8re\" \/>\n<meta property=\"article:modified_time\" content=\"2023-06-23T08:36:33+00:00\" \/>\n<meta name=\"twitter:card\" content=\"summary_large_image\" \/>\n<meta name=\"twitter:label1\" content=\"Dur\u00e9e de lecture estim\u00e9e\" \/>\n\t<meta name=\"twitter:data1\" content=\"1 minute\" \/>\n<script type=\"application\/ld+json\" class=\"yoast-schema-graph\">{\"@context\":\"https:\\\/\\\/schema.org\",\"@graph\":[{\"@type\":\"WebPage\",\"@id\":\"https:\\\/\\\/lereverbere.net\\\/index.php\\\/prises-de-vues\\\/\",\"url\":\"https:\\\/\\\/lereverbere.net\\\/index.php\\\/prises-de-vues\\\/\",\"name\":\"Prises de vues - Le R\u00e9verb\u00e8re\",\"isPartOf\":{\"@id\":\"https:\\\/\\\/lereverbere.net\\\/#website\"},\"datePublished\":\"2018-09-25T09:35:56+00:00\",\"dateModified\":\"2023-06-23T08:36:33+00:00\",\"breadcrumb\":{\"@id\":\"https:\\\/\\\/lereverbere.net\\\/index.php\\\/prises-de-vues\\\/#breadcrumb\"},\"inLanguage\":\"fr-FR\",\"potentialAction\":[{\"@type\":\"ReadAction\",\"target\":[\"https:\\\/\\\/lereverbere.net\\\/index.php\\\/prises-de-vues\\\/\"]}]},{\"@type\":\"BreadcrumbList\",\"@id\":\"https:\\\/\\\/lereverbere.net\\\/index.php\\\/prises-de-vues\\\/#breadcrumb\",\"itemListElement\":[{\"@type\":\"ListItem\",\"position\":1,\"name\":\"Accueil\",\"item\":\"https:\\\/\\\/lereverbere.net\\\/\"},{\"@type\":\"ListItem\",\"position\":2,\"name\":\"Prises de vues\"}]},{\"@type\":\"WebSite\",\"@id\":\"https:\\\/\\\/lereverbere.net\\\/#website\",\"url\":\"https:\\\/\\\/lereverbere.net\\\/\",\"name\":\"Le R\u00e9verb\u00e8re\",\"description\":\"Espace de convergence et d&#039;\u00e9mulation photographique\",\"potentialAction\":[{\"@type\":\"SearchAction\",\"target\":{\"@type\":\"EntryPoint\",\"urlTemplate\":\"https:\\\/\\\/lereverbere.net\\\/?s={search_term_string}\"},\"query-input\":{\"@type\":\"PropertyValueSpecification\",\"valueRequired\":true,\"valueName\":\"search_term_string\"}}],\"inLanguage\":\"fr-FR\"}]}<\/script>\n<!-- \/ Yoast SEO plugin. -->","yoast_head_json":{"title":"Prises de vues - Le R\u00e9verb\u00e8re","robots":{"index":"index","follow":"follow","max-snippet":"max-snippet:-1","max-image-preview":"max-image-preview:large","max-video-preview":"max-video-preview:-1"},"canonical":"https:\/\/lereverbere.net\/index.php\/prises-de-vues\/","og_locale":"fr_FR","og_type":"article","og_title":"Prises de vues - Le R\u00e9verb\u00e8re","og_description":"Prises de vuesPage en cours de remaniement! ;)","og_url":"https:\/\/lereverbere.net\/index.php\/prises-de-vues\/","og_site_name":"Le R\u00e9verb\u00e8re","article_modified_time":"2023-06-23T08:36:33+00:00","twitter_card":"summary_large_image","twitter_misc":{"Dur\u00e9e de lecture estim\u00e9e":"1 minute"},"schema":{"@context":"https:\/\/schema.org","@graph":[{"@type":"WebPage","@id":"https:\/\/lereverbere.net\/index.php\/prises-de-vues\/","url":"https:\/\/lereverbere.net\/index.php\/prises-de-vues\/","name":"Prises de vues - Le R\u00e9verb\u00e8re","isPartOf":{"@id":"https:\/\/lereverbere.net\/#website"},"datePublished":"2018-09-25T09:35:56+00:00","dateModified":"2023-06-23T08:36:33+00:00","breadcrumb":{"@id":"https:\/\/lereverbere.net\/index.php\/prises-de-vues\/#breadcrumb"},"inLanguage":"fr-FR","potentialAction":[{"@type":"ReadAction","target":["https:\/\/lereverbere.net\/index.php\/prises-de-vues\/"]}]},{"@type":"BreadcrumbList","@id":"https:\/\/lereverbere.net\/index.php\/prises-de-vues\/#breadcrumb","itemListElement":[{"@type":"ListItem","position":1,"name":"Accueil","item":"https:\/\/lereverbere.net\/"},{"@type":"ListItem","position":2,"name":"Prises de vues"}]},{"@type":"WebSite","@id":"https:\/\/lereverbere.net\/#website","url":"https:\/\/lereverbere.net\/","name":"Le R\u00e9verb\u00e8re","description":"Espace de convergence et d&#039;\u00e9mulation photographique","potentialAction":[{"@type":"SearchAction","target":{"@type":"EntryPoint","urlTemplate":"https:\/\/lereverbere.net\/?s={search_term_string}"},"query-input":{"@type":"PropertyValueSpecification","valueRequired":true,"valueName":"search_term_string"}}],"inLanguage":"fr-FR"}]}},"_links":{"self":[{"href":"https:\/\/lereverbere.net\/index.php\/wp-json\/wp\/v2\/pages\/93","targetHints":{"allow":["GET"]}}],"collection":[{"href":"https:\/\/lereverbere.net\/index.php\/wp-json\/wp\/v2\/pages"}],"about":[{"href":"https:\/\/lereverbere.net\/index.php\/wp-json\/wp\/v2\/types\/page"}],"author":[{"embeddable":true,"href":"https:\/\/lereverbere.net\/index.php\/wp-json\/wp\/v2\/users\/1"}],"replies":[{"embeddable":true,"href":"https:\/\/lereverbere.net\/index.php\/wp-json\/wp\/v2\/comments?post=93"}],"version-history":[{"count":16,"href":"https:\/\/lereverbere.net\/index.php\/wp-json\/wp\/v2\/pages\/93\/revisions"}],"predecessor-version":[{"id":1906,"href":"https:\/\/lereverbere.net\/index.php\/wp-json\/wp\/v2\/pages\/93\/revisions\/1906"}],"wp:attachment":[{"href":"https:\/\/lereverbere.net\/index.php\/wp-json\/wp\/v2\/media?parent=93"}],"curies":[{"name":"wp","href":"https:\/\/api.w.org\/{rel}","templated":true}]}}