{"id":95,"date":"2018-09-25T11:36:58","date_gmt":"2018-09-25T09:36:58","guid":{"rendered":"http:\/\/lereverbere.net\/?page_id=95"},"modified":"2023-06-23T10:41:19","modified_gmt":"2023-06-23T08:41:19","slug":"impression-risographie","status":"publish","type":"page","link":"https:\/\/lereverbere.net\/index.php\/impression-risographie\/","title":{"rendered":"Impression &#8211; Risographie"},"content":{"rendered":"<p>[et_pb_section fb_built=\u00a0\u00bb1&Prime; admin_label=\u00a0\u00bbFeature Section\u00a0\u00bb _builder_version=\u00a0\u00bb4.16&Prime; custom_padding=\u00a0\u00bb120px||98px||false|false\u00a0\u00bb global_colors_info=\u00a0\u00bb{}\u00a0\u00bb][et_pb_row column_structure=\u00a0\u00bb2_3,1_3&Prime; _builder_version=\u00a0\u00bb4.16&Prime; custom_padding=\u00a0\u00bb||102px|||\u00a0\u00bb global_colors_info=\u00a0\u00bb{}\u00a0\u00bb][et_pb_column type=\u00a0\u00bb2_3&Prime; _builder_version=\u00a0\u00bb4.16&Prime; custom_padding=\u00a0\u00bb|||\u00a0\u00bb global_colors_info=\u00a0\u00bb{}\u00a0\u00bb custom_padding__hover=\u00a0\u00bb|||\u00a0\u00bb][et_pb_text admin_label=\u00a0\u00bbTitle\u00a0\u00bb _builder_version=\u00a0\u00bb4.16&Prime; text_font=\u00a0\u00bbRaleway||||||||\u00a0\u00bb text_text_color=\u00a0\u00bb#000000&Prime; ul_font=\u00a0\u00bb||||||||\u00a0\u00bb header_font=\u00a0\u00bbRaleway||||||||\u00a0\u00bb header_text_align=\u00a0\u00bbleft\u00a0\u00bb header_text_color=\u00a0\u00bb#000000&Prime; header_font_size=\u00a0\u00bb35px\u00a0\u00bb header_line_height=\u00a0\u00bb1.2em\u00a0\u00bb header_2_font=\u00a0\u00bbQuattrocento||||||||\u00a0\u00bb header_2_font_size=\u00a0\u00bb60px\u00a0\u00bb header_2_line_height=\u00a0\u00bb1.3em\u00a0\u00bb custom_margin=\u00a0\u00bb||10px|\u00a0\u00bb animation_style=\u00a0\u00bbfade\u00a0\u00bb animation_direction=\u00a0\u00bbleft\u00a0\u00bb animation_starting_opacity=\u00a0\u00bb100%\u00a0\u00bb hover_enabled=\u00a0\u00bb0&Prime; header_2_font_size_tablet=\u00a0\u00bb40px\u00a0\u00bb header_2_font_size_phone=\u00a0\u00bb\u00a0\u00bb header_2_font_size_last_edited=\u00a0\u00bbon|desktop\u00a0\u00bb global_colors_info=\u00a0\u00bb{}\u00a0\u00bb sticky_enabled=\u00a0\u00bb0&Prime;]<\/p>\n<h1>Impression sur mesure<\/h1>\n<p>[\/et_pb_text][et_pb_text admin_label=\u00a0\u00bbSubtitle\u00a0\u00bb _builder_version=\u00a0\u00bb4.16&Prime; text_font=\u00a0\u00bbRaleway||||||||\u00a0\u00bb text_text_color=\u00a0\u00bb#8e8e8d\u00a0\u00bb text_font_size=\u00a0\u00bb18px\u00a0\u00bb text_line_height=\u00a0\u00bb2.2em\u00a0\u00bb header_font=\u00a0\u00bbRaleway||||||||\u00a0\u00bb header_text_color=\u00a0\u00bb#8e8e8d\u00a0\u00bb header_2_font=\u00a0\u00bb||||||||\u00a0\u00bb max_width=\u00a0\u00bb700px\u00a0\u00bb module_alignment=\u00a0\u00bbleft\u00a0\u00bb custom_padding=\u00a0\u00bb||100px|||\u00a0\u00bb animation_style=\u00a0\u00bbfade\u00a0\u00bb animation_direction=\u00a0\u00bbleft\u00a0\u00bb animation_starting_opacity=\u00a0\u00bb100%\u00a0\u00bb global_colors_info=\u00a0\u00bb{}\u00a0\u00bb]<\/p>\n<p style=\"text-align: justify;\">Les impressions sont r\u00e9alis\u00e9es sur des imprimantes Epson et des <strong>encres pigmentaires<\/strong>, en mode d\u2019impression unidirectionnel pour permettre un encrage du papier d\u2019une finesse et d\u2019une profondeur incomparable. Utilisant des papiers tr\u00e8s haut de gamme, choisis pour une <strong>conservation aux normes mus\u00e9ales<\/strong>, le tirage Fine Art correspond \u00e0 la plus <strong>haute qualit\u00e9<\/strong> qu\u2019il soit possible d\u2019atteindre. Chaque papier r\u00e9f\u00e9renc\u00e9 \u00e0 son propre profil colorim\u00e9trique sp\u00e9cifique \u00e0 l\u2019imprimante sur laquelle il sera utilis\u00e9.<br \/>Avant chaque tirage, nous r\u00e9alisons une bande de lecture. Cette bande au rapport (10\u00d740 cm minimum) vous permettra de juger le rendu final de votre tirage sur le papier choisi. Vous pouvez ainsi par vos commentaires et par nos corrections influencer sur le rendu de vos images: contraste, colorim\u00e9trie\u2026 etc.<\/p>\n<p>&nbsp;<\/p>\n<p style=\"text-align: left;\"><strong><em>Nos papiers de pr\u00e9dilection :<\/em><\/strong><\/p>\n<p>\u00a0Hahnem\u00fchle Photo Rag 188gr\/308gr mat<\/p>\n<p style=\"text-align: left;\"><span style=\"font-size: 18px;\">Hahnem\u00fchle Photo Rag Bright White 310gr mat<\/span><\/p>\n<p style=\"text-align: left;\"><span style=\"font-size: 18px;\">Hahnem\u00fchle Photo Rag Ultra Smooth 305gr mat<\/span><span style=\"font-size: 18px;\"><\/span><span style=\"font-size: 18px;\"><\/span><\/p>\n<p style=\"text-align: left;\"><span style=\"font-size: 18px;\">Canson Photosatin Premium RC 270gr, satin\u00e9<\/span><\/p>\n<p style=\"text-align: left;\"><span style=\"font-size: 18px;\">Awagami Bamboo 110gr\/170gr, mat<\/span><\/p>\n<p style=\"text-align: left;\"><span style=\"font-size: 18px;\">\u00a0<\/span><\/p>\n<p>[\/et_pb_text][\/et_pb_column][et_pb_column type=\u00a0\u00bb1_3&Prime; _builder_version=\u00a0\u00bb4.16&Prime; custom_padding=\u00a0\u00bb|||\u00a0\u00bb global_colors_info=\u00a0\u00bb{}\u00a0\u00bb custom_padding__hover=\u00a0\u00bb|||\u00a0\u00bb][et_pb_image src=\u00a0\u00bbhttps:\/\/lereverbere.net\/wp-content\/uploads\/2018\/11\/Impression.jpg\u00a0\u00bb show_bottom_space=\u00a0\u00bboff\u00a0\u00bb force_fullwidth=\u00a0\u00bbon\u00a0\u00bb align_tablet=\u00a0\u00bbcenter\u00a0\u00bb align_phone=\u00a0\u00bb\u00a0\u00bb align_last_edited=\u00a0\u00bbon|desktop\u00a0\u00bb _builder_version=\u00a0\u00bb4.16&Prime; animation_style=\u00a0\u00bbslide\u00a0\u00bb animation_direction=\u00a0\u00bbleft\u00a0\u00bb animation_intensity_slide=\u00a0\u00bb5%\u00a0\u00bb animation_starting_opacity=\u00a0\u00bb100%\u00a0\u00bb global_colors_info=\u00a0\u00bb{}\u00a0\u00bb][\/et_pb_image][\/et_pb_column][\/et_pb_row][\/et_pb_section]<\/p>\n","protected":false},"excerpt":{"rendered":"<p>Impression sur mesureLes impressions sont r\u00e9alis\u00e9es sur des imprimantes Epson et des encres pigmentaires, en mode d\u2019impression unidirectionnel pour permettre un encrage du papier d\u2019une finesse et d\u2019une profondeur incomparable. Utilisant des papiers tr\u00e8s haut de gamme, choisis pour une conservation aux normes mus\u00e9ales, le tirage Fine Art correspond \u00e0 la plus haute qualit\u00e9 qu\u2019il [&hellip;]<\/p>\n","protected":false},"author":1,"featured_media":0,"parent":0,"menu_order":0,"comment_status":"closed","ping_status":"closed","template":"","meta":{"_et_pb_use_builder":"on","_et_pb_old_content":"","_et_gb_content_width":"","footnotes":""},"class_list":["post-95","page","type-page","status-publish","hentry"],"yoast_head":"<!-- This site is optimized with the Yoast SEO plugin v27.4 - https:\/\/yoast.com\/product\/yoast-seo-wordpress\/ -->\n<title>Impression - Risographie - Le R\u00e9verb\u00e8re<\/title>\n<meta name=\"robots\" content=\"index, follow, max-snippet:-1, max-image-preview:large, max-video-preview:-1\" \/>\n<link rel=\"canonical\" href=\"https:\/\/lereverbere.net\/index.php\/impression-risographie\/\" \/>\n<meta property=\"og:locale\" content=\"fr_FR\" \/>\n<meta property=\"og:type\" content=\"article\" \/>\n<meta property=\"og:title\" content=\"Impression - Risographie - Le R\u00e9verb\u00e8re\" \/>\n<meta property=\"og:description\" content=\"Impression sur mesureLes impressions sont r\u00e9alis\u00e9es sur des imprimantes Epson et des encres pigmentaires, en mode d\u2019impression unidirectionnel pour permettre un encrage du papier d\u2019une finesse et d\u2019une profondeur incomparable. Utilisant des papiers tr\u00e8s haut de gamme, choisis pour une conservation aux normes mus\u00e9ales, le tirage Fine Art correspond \u00e0 la plus haute qualit\u00e9 qu\u2019il [&hellip;]\" \/>\n<meta property=\"og:url\" content=\"https:\/\/lereverbere.net\/index.php\/impression-risographie\/\" \/>\n<meta property=\"og:site_name\" content=\"Le R\u00e9verb\u00e8re\" \/>\n<meta property=\"article:modified_time\" content=\"2023-06-23T08:41:19+00:00\" \/>\n<meta name=\"twitter:card\" content=\"summary_large_image\" \/>\n<meta name=\"twitter:label1\" content=\"Dur\u00e9e de lecture estim\u00e9e\" \/>\n\t<meta name=\"twitter:data1\" content=\"2 minutes\" \/>\n<script type=\"application\/ld+json\" class=\"yoast-schema-graph\">{\"@context\":\"https:\\\/\\\/schema.org\",\"@graph\":[{\"@type\":\"WebPage\",\"@id\":\"https:\\\/\\\/lereverbere.net\\\/index.php\\\/impression-risographie\\\/\",\"url\":\"https:\\\/\\\/lereverbere.net\\\/index.php\\\/impression-risographie\\\/\",\"name\":\"Impression - Risographie - Le R\u00e9verb\u00e8re\",\"isPartOf\":{\"@id\":\"https:\\\/\\\/lereverbere.net\\\/#website\"},\"datePublished\":\"2018-09-25T09:36:58+00:00\",\"dateModified\":\"2023-06-23T08:41:19+00:00\",\"breadcrumb\":{\"@id\":\"https:\\\/\\\/lereverbere.net\\\/index.php\\\/impression-risographie\\\/#breadcrumb\"},\"inLanguage\":\"fr-FR\",\"potentialAction\":[{\"@type\":\"ReadAction\",\"target\":[\"https:\\\/\\\/lereverbere.net\\\/index.php\\\/impression-risographie\\\/\"]}]},{\"@type\":\"BreadcrumbList\",\"@id\":\"https:\\\/\\\/lereverbere.net\\\/index.php\\\/impression-risographie\\\/#breadcrumb\",\"itemListElement\":[{\"@type\":\"ListItem\",\"position\":1,\"name\":\"Accueil\",\"item\":\"https:\\\/\\\/lereverbere.net\\\/\"},{\"@type\":\"ListItem\",\"position\":2,\"name\":\"Impression &#8211; Risographie\"}]},{\"@type\":\"WebSite\",\"@id\":\"https:\\\/\\\/lereverbere.net\\\/#website\",\"url\":\"https:\\\/\\\/lereverbere.net\\\/\",\"name\":\"Le R\u00e9verb\u00e8re\",\"description\":\"Espace de convergence et d&#039;\u00e9mulation photographique\",\"potentialAction\":[{\"@type\":\"SearchAction\",\"target\":{\"@type\":\"EntryPoint\",\"urlTemplate\":\"https:\\\/\\\/lereverbere.net\\\/?s={search_term_string}\"},\"query-input\":{\"@type\":\"PropertyValueSpecification\",\"valueRequired\":true,\"valueName\":\"search_term_string\"}}],\"inLanguage\":\"fr-FR\"}]}<\/script>\n<!-- \/ Yoast SEO plugin. -->","yoast_head_json":{"title":"Impression - Risographie - Le R\u00e9verb\u00e8re","robots":{"index":"index","follow":"follow","max-snippet":"max-snippet:-1","max-image-preview":"max-image-preview:large","max-video-preview":"max-video-preview:-1"},"canonical":"https:\/\/lereverbere.net\/index.php\/impression-risographie\/","og_locale":"fr_FR","og_type":"article","og_title":"Impression - Risographie - Le R\u00e9verb\u00e8re","og_description":"Impression sur mesureLes impressions sont r\u00e9alis\u00e9es sur des imprimantes Epson et des encres pigmentaires, en mode d\u2019impression unidirectionnel pour permettre un encrage du papier d\u2019une finesse et d\u2019une profondeur incomparable. Utilisant des papiers tr\u00e8s haut de gamme, choisis pour une conservation aux normes mus\u00e9ales, le tirage Fine Art correspond \u00e0 la plus haute qualit\u00e9 qu\u2019il [&hellip;]","og_url":"https:\/\/lereverbere.net\/index.php\/impression-risographie\/","og_site_name":"Le R\u00e9verb\u00e8re","article_modified_time":"2023-06-23T08:41:19+00:00","twitter_card":"summary_large_image","twitter_misc":{"Dur\u00e9e de lecture estim\u00e9e":"2 minutes"},"schema":{"@context":"https:\/\/schema.org","@graph":[{"@type":"WebPage","@id":"https:\/\/lereverbere.net\/index.php\/impression-risographie\/","url":"https:\/\/lereverbere.net\/index.php\/impression-risographie\/","name":"Impression - Risographie - Le R\u00e9verb\u00e8re","isPartOf":{"@id":"https:\/\/lereverbere.net\/#website"},"datePublished":"2018-09-25T09:36:58+00:00","dateModified":"2023-06-23T08:41:19+00:00","breadcrumb":{"@id":"https:\/\/lereverbere.net\/index.php\/impression-risographie\/#breadcrumb"},"inLanguage":"fr-FR","potentialAction":[{"@type":"ReadAction","target":["https:\/\/lereverbere.net\/index.php\/impression-risographie\/"]}]},{"@type":"BreadcrumbList","@id":"https:\/\/lereverbere.net\/index.php\/impression-risographie\/#breadcrumb","itemListElement":[{"@type":"ListItem","position":1,"name":"Accueil","item":"https:\/\/lereverbere.net\/"},{"@type":"ListItem","position":2,"name":"Impression &#8211; Risographie"}]},{"@type":"WebSite","@id":"https:\/\/lereverbere.net\/#website","url":"https:\/\/lereverbere.net\/","name":"Le R\u00e9verb\u00e8re","description":"Espace de convergence et d&#039;\u00e9mulation photographique","potentialAction":[{"@type":"SearchAction","target":{"@type":"EntryPoint","urlTemplate":"https:\/\/lereverbere.net\/?s={search_term_string}"},"query-input":{"@type":"PropertyValueSpecification","valueRequired":true,"valueName":"search_term_string"}}],"inLanguage":"fr-FR"}]}},"_links":{"self":[{"href":"https:\/\/lereverbere.net\/index.php\/wp-json\/wp\/v2\/pages\/95","targetHints":{"allow":["GET"]}}],"collection":[{"href":"https:\/\/lereverbere.net\/index.php\/wp-json\/wp\/v2\/pages"}],"about":[{"href":"https:\/\/lereverbere.net\/index.php\/wp-json\/wp\/v2\/types\/page"}],"author":[{"embeddable":true,"href":"https:\/\/lereverbere.net\/index.php\/wp-json\/wp\/v2\/users\/1"}],"replies":[{"embeddable":true,"href":"https:\/\/lereverbere.net\/index.php\/wp-json\/wp\/v2\/comments?post=95"}],"version-history":[{"count":25,"href":"https:\/\/lereverbere.net\/index.php\/wp-json\/wp\/v2\/pages\/95\/revisions"}],"predecessor-version":[{"id":1909,"href":"https:\/\/lereverbere.net\/index.php\/wp-json\/wp\/v2\/pages\/95\/revisions\/1909"}],"wp:attachment":[{"href":"https:\/\/lereverbere.net\/index.php\/wp-json\/wp\/v2\/media?parent=95"}],"curies":[{"name":"wp","href":"https:\/\/api.w.org\/{rel}","templated":true}]}}